{"id":841,"date":"2022-05-12T10:59:34","date_gmt":"2022-05-12T08:59:34","guid":{"rendered":"https:\/\/souveraen.web.leuphana.de\/wp_admin\/index.php\/?page_id=841"},"modified":"2023-12-22T11:59:00","modified_gmt":"2023-12-22T10:59:00","slug":"aktuelles","status":"publish","type":"page","link":"https:\/\/www.souveraenes-digitales-lehren-und-lernen.de\/home\/aktuelles\/","title":{"rendered":"Aktuelles"},"content":{"rendered":"\t\t<div data-elementor-type=\"wp-page\" data-elementor-id=\"841\" class=\"elementor elementor-841\" data-elementor-post-type=\"page\">\n\t\t\t\t\t\t<section class=\"elementor-section elementor-top-section elementor-element elementor-element-c46cc3f elementor-section-boxed elementor-section-height-default elementor-section-height-default\" data-id=\"c46cc3f\" data-element_type=\"section\" data-e-type=\"section\">\n\t\t\t\t\t\t<div class=\"elementor-container elementor-column-gap-default\">\n\t\t\t\t\t<div class=\"elementor-column elementor-col-100 elementor-top-column elementor-element elementor-element-2d13173\" data-id=\"2d13173\" data-element_type=\"column\" data-e-type=\"column\">\n\t\t\t<div class=\"elementor-widget-wrap elementor-element-populated\">\n\t\t\t\t\t\t<div class=\"elementor-element elementor-element-1e042eb elementor-widget elementor-widget-spacer\" data-id=\"1e042eb\" data-element_type=\"widget\" data-e-type=\"widget\" data-widget_type=\"spacer.default\">\n\t\t\t\t<div class=\"elementor-widget-container\">\n\t\t\t\t\t\t\t<div class=\"elementor-spacer\">\n\t\t\t<div class=\"elementor-spacer-inner\"><\/div>\n\t\t<\/div>\n\t\t\t\t\t\t<\/div>\n\t\t\t\t<\/div>\n\t\t\t\t<div class=\"elementor-element elementor-element-3acc49d elementor-widget elementor-widget-heading\" data-id=\"3acc49d\" data-element_type=\"widget\" data-e-type=\"widget\" data-widget_type=\"heading.default\">\n\t\t\t\t<div class=\"elementor-widget-container\">\n\t\t\t\t\t<h2 class=\"elementor-heading-title elementor-size-default\">Aktuelles<\/h2>\t\t\t\t<\/div>\n\t\t\t\t<\/div>\n\t\t\t\t<div class=\"elementor-element elementor-element-f23115b elementor-widget elementor-widget-spacer\" data-id=\"f23115b\" data-element_type=\"widget\" data-e-type=\"widget\" data-widget_type=\"spacer.default\">\n\t\t\t\t<div class=\"elementor-widget-container\">\n\t\t\t\t\t\t\t<div class=\"elementor-spacer\">\n\t\t\t<div class=\"elementor-spacer-inner\"><\/div>\n\t\t<\/div>\n\t\t\t\t\t\t<\/div>\n\t\t\t\t<\/div>\n\t\t\t\t<div class=\"elementor-element elementor-element-5c37d1b elementor-posts__hover-none elementor-grid-3 elementor-grid-tablet-2 elementor-grid-mobile-1 elementor-posts--thumbnail-top elementor-widget elementor-widget-posts\" data-id=\"5c37d1b\" data-element_type=\"widget\" data-e-type=\"widget\" data-settings=\"{&quot;pagination_type&quot;:&quot;load_more_infinite_scroll&quot;,&quot;cards_columns&quot;:&quot;3&quot;,&quot;cards_columns_tablet&quot;:&quot;2&quot;,&quot;cards_columns_mobile&quot;:&quot;1&quot;,&quot;cards_row_gap&quot;:{&quot;unit&quot;:&quot;px&quot;,&quot;size&quot;:35,&quot;sizes&quot;:[]},&quot;cards_row_gap_tablet&quot;:{&quot;unit&quot;:&quot;px&quot;,&quot;size&quot;:&quot;&quot;,&quot;sizes&quot;:[]},&quot;cards_row_gap_mobile&quot;:{&quot;unit&quot;:&quot;px&quot;,&quot;size&quot;:&quot;&quot;,&quot;sizes&quot;:[]},&quot;load_more_spinner&quot;:{&quot;value&quot;:&quot;fas fa-spinner&quot;,&quot;library&quot;:&quot;fa-solid&quot;}}\" data-widget_type=\"posts.cards\">\n\t\t\t\t<div class=\"elementor-widget-container\">\n\t\t\t\t\t\t\t<div class=\"elementor-posts-container elementor-posts elementor-posts--skin-cards elementor-grid\">\n\t\t\t\t<article class=\"elementor-post elementor-grid-item post-15969 post type-post status-publish format-standard has-post-thumbnail hentry category-aktuelles\">\n\t\t\t<div class=\"elementor-post__card\">\n\t\t\t\t<a class=\"elementor-post__thumbnail__link\" href=\"https:\/\/www.souveraenes-digitales-lehren-und-lernen.de\/home\/souvern-gemeistert\/\" tabindex=\"-1\" ><div class=\"elementor-post__thumbnail\"><img fetchpriority=\"high\" decoding=\"async\" width=\"768\" height=\"421\" src=\"https:\/\/www.souveraenes-digitales-lehren-und-lernen.de\/wp-content\/uploads\/2025\/12\/Foto-von-Erwan-Hesry-auf-Unsplash-e1765485815490-768x421.jpg\" class=\"attachment-medium_large size-medium_large wp-image-15965\" alt=\"\" srcset=\"https:\/\/www.souveraenes-digitales-lehren-und-lernen.de\/wp-content\/uploads\/2025\/12\/Foto-von-Erwan-Hesry-auf-Unsplash-e1765485815490-768x421.jpg 768w, https:\/\/www.souveraenes-digitales-lehren-und-lernen.de\/wp-content\/uploads\/2025\/12\/Foto-von-Erwan-Hesry-auf-Unsplash-e1765485815490-225x123.jpg 225w, https:\/\/www.souveraenes-digitales-lehren-und-lernen.de\/wp-content\/uploads\/2025\/12\/Foto-von-Erwan-Hesry-auf-Unsplash-e1765485815490-1024x562.jpg 1024w, https:\/\/www.souveraenes-digitales-lehren-und-lernen.de\/wp-content\/uploads\/2025\/12\/Foto-von-Erwan-Hesry-auf-Unsplash-e1765485815490-1536x842.jpg 1536w, https:\/\/www.souveraenes-digitales-lehren-und-lernen.de\/wp-content\/uploads\/2025\/12\/Foto-von-Erwan-Hesry-auf-Unsplash-e1765485815490.jpg 1920w\" sizes=\"(max-width: 768px) 100vw, 768px\" \/><\/div><\/a>\n\t\t\t\t<div class=\"elementor-post__text\">\n\t\t\t\t<h2 class=\"elementor-post__title\">\n\t\t\t<a href=\"https:\/\/www.souveraenes-digitales-lehren-und-lernen.de\/home\/souvern-gemeistert\/\" >\n\t\t\t\tSOUVER@N gemeistert\t\t\t<\/a>\n\t\t<\/h2>\n\t\t\t\t<div class=\"elementor-post__excerpt\">\n\t\t\t<p>Nach mehr als vier Jahren findet das nieders\u00e4chsische Verbundprojekt \u201eSOUVER@N \u2013 Digitales Lehren und Lernen in Niedersachsen\u201c am 31.12.2025 seinen erfolgreichen Abschluss. Mit der Mission,<\/p>\n\t\t<\/div>\n\t\t\t\t\t<div class=\"elementor-post__read-more-wrapper\">\n\t\t\n\t\t<a class=\"elementor-post__read-more\" href=\"https:\/\/www.souveraenes-digitales-lehren-und-lernen.de\/home\/souvern-gemeistert\/\" aria-label=\"Read more about SOUVER@N gemeistert\" tabindex=\"-1\" >\n\t\t\tWeiterlesen \u00bb\t\t<\/a>\n\n\t\t\t\t\t<\/div>\n\t\t\t\t<\/div>\n\t\t\t\t\t<\/div>\n\t\t<\/article>\n\t\t\t\t<article class=\"elementor-post elementor-grid-item post-15917 post type-post status-publish format-standard has-post-thumbnail hentry category-aktuelles\">\n\t\t\t<div class=\"elementor-post__card\">\n\t\t\t\t<a class=\"elementor-post__thumbnail__link\" href=\"https:\/\/www.souveraenes-digitales-lehren-und-lernen.de\/home\/befragungsergebnisse-zur-digitalen-barrierefreiheit-in-der-hochschullehre-online\/\" tabindex=\"-1\" ><div class=\"elementor-post__thumbnail\"><img decoding=\"async\" width=\"768\" height=\"408\" src=\"https:\/\/www.souveraenes-digitales-lehren-und-lernen.de\/wp-content\/uploads\/2025\/12\/Foto-von-Lukas-Blazek-auf-Unsplash-e1765485910214-768x408.jpg\" class=\"attachment-medium_large size-medium_large wp-image-15872\" alt=\"\" srcset=\"https:\/\/www.souveraenes-digitales-lehren-und-lernen.de\/wp-content\/uploads\/2025\/12\/Foto-von-Lukas-Blazek-auf-Unsplash-e1765485910214-768x408.jpg 768w, https:\/\/www.souveraenes-digitales-lehren-und-lernen.de\/wp-content\/uploads\/2025\/12\/Foto-von-Lukas-Blazek-auf-Unsplash-e1765485910214-225x120.jpg 225w, https:\/\/www.souveraenes-digitales-lehren-und-lernen.de\/wp-content\/uploads\/2025\/12\/Foto-von-Lukas-Blazek-auf-Unsplash-e1765485910214-1024x544.jpg 1024w, https:\/\/www.souveraenes-digitales-lehren-und-lernen.de\/wp-content\/uploads\/2025\/12\/Foto-von-Lukas-Blazek-auf-Unsplash-e1765485910214-1536x816.jpg 1536w, https:\/\/www.souveraenes-digitales-lehren-und-lernen.de\/wp-content\/uploads\/2025\/12\/Foto-von-Lukas-Blazek-auf-Unsplash-e1765485910214.jpg 1920w\" sizes=\"(max-width: 768px) 100vw, 768px\" \/><\/div><\/a>\n\t\t\t\t<div class=\"elementor-post__text\">\n\t\t\t\t<h2 class=\"elementor-post__title\">\n\t\t\t<a href=\"https:\/\/www.souveraenes-digitales-lehren-und-lernen.de\/home\/befragungsergebnisse-zur-digitalen-barrierefreiheit-in-der-hochschullehre-online\/\" >\n\t\t\t\tBefragungsergebnisse zur digitalen Barrierefreiheit in der Hochschullehre online\t\t\t<\/a>\n\t\t<\/h2>\n\t\t\t\t<div class=\"elementor-post__excerpt\">\n\t\t\t<p>F\u00fcr Studierende mit studienrelevanten Beeintr\u00e4chtigungen kann die Digitalisierung der Hochschullehre eine Reduzierung von Barrieren bedeuten. Voraussetzung ist, dass digitale Barrierefreiheit systematisch in die Gestaltung digitaler<\/p>\n\t\t<\/div>\n\t\t\t\t\t<div class=\"elementor-post__read-more-wrapper\">\n\t\t\n\t\t<a class=\"elementor-post__read-more\" href=\"https:\/\/www.souveraenes-digitales-lehren-und-lernen.de\/home\/befragungsergebnisse-zur-digitalen-barrierefreiheit-in-der-hochschullehre-online\/\" aria-label=\"Read more about Befragungsergebnisse zur digitalen Barrierefreiheit in der Hochschullehre online\" tabindex=\"-1\" >\n\t\t\tWeiterlesen \u00bb\t\t<\/a>\n\n\t\t\t\t\t<\/div>\n\t\t\t\t<\/div>\n\t\t\t\t\t<\/div>\n\t\t<\/article>\n\t\t\t\t<article class=\"elementor-post elementor-grid-item post-15804 post type-post status-publish format-standard has-post-thumbnail hentry category-aktuelles\">\n\t\t\t<div class=\"elementor-post__card\">\n\t\t\t\t<a class=\"elementor-post__thumbnail__link\" href=\"https:\/\/www.souveraenes-digitales-lehren-und-lernen.de\/home\/open-space-niedersachsen-das-neue-programm-ist-da_2025-2\/\" tabindex=\"-1\" ><div class=\"elementor-post__thumbnail\"><img decoding=\"async\" width=\"768\" height=\"308\" src=\"https:\/\/www.souveraenes-digitales-lehren-und-lernen.de\/wp-content\/uploads\/2025\/09\/Titelbild_OpenSpaceNDS_2025-2-e1758626991443-768x308.png\" class=\"attachment-medium_large size-medium_large wp-image-15809\" alt=\"\" srcset=\"https:\/\/www.souveraenes-digitales-lehren-und-lernen.de\/wp-content\/uploads\/2025\/09\/Titelbild_OpenSpaceNDS_2025-2-e1758626991443-768x308.png 768w, https:\/\/www.souveraenes-digitales-lehren-und-lernen.de\/wp-content\/uploads\/2025\/09\/Titelbild_OpenSpaceNDS_2025-2-e1758626991443-225x90.png 225w, https:\/\/www.souveraenes-digitales-lehren-und-lernen.de\/wp-content\/uploads\/2025\/09\/Titelbild_OpenSpaceNDS_2025-2-e1758626991443-1024x410.png 1024w, https:\/\/www.souveraenes-digitales-lehren-und-lernen.de\/wp-content\/uploads\/2025\/09\/Titelbild_OpenSpaceNDS_2025-2-e1758626991443.png 1148w\" sizes=\"(max-width: 768px) 100vw, 768px\" \/><\/div><\/a>\n\t\t\t\t<div class=\"elementor-post__text\">\n\t\t\t\t<h2 class=\"elementor-post__title\">\n\t\t\t<a href=\"https:\/\/www.souveraenes-digitales-lehren-und-lernen.de\/home\/open-space-niedersachsen-das-neue-programm-ist-da_2025-2\/\" >\n\t\t\t\tOpen Space Niedersachsen: Das neue Programm ist da\t\t\t<\/a>\n\t\t<\/h2>\n\t\t\t\t<div class=\"elementor-post__excerpt\">\n\t\t\t<p>Das digitale Austauschformat \u201eOpen Space Niedersachsen\u201c geht in die n\u00e4chste Runde \u2013 die Themen und Termine f\u00fcr das zweite Halbjahr 2025 stehen fest! Der digitale<\/p>\n\t\t<\/div>\n\t\t\t\t\t<div class=\"elementor-post__read-more-wrapper\">\n\t\t\n\t\t<a class=\"elementor-post__read-more\" href=\"https:\/\/www.souveraenes-digitales-lehren-und-lernen.de\/home\/open-space-niedersachsen-das-neue-programm-ist-da_2025-2\/\" aria-label=\"Read more about Open Space Niedersachsen: Das neue Programm ist da\" tabindex=\"-1\" >\n\t\t\tWeiterlesen \u00bb\t\t<\/a>\n\n\t\t\t\t\t<\/div>\n\t\t\t\t<\/div>\n\t\t\t\t\t<\/div>\n\t\t<\/article>\n\t\t\t\t<article class=\"elementor-post elementor-grid-item post-15780 post type-post status-publish format-standard has-post-thumbnail hentry category-aktuelles\">\n\t\t\t<div class=\"elementor-post__card\">\n\t\t\t\t<a class=\"elementor-post__thumbnail__link\" href=\"https:\/\/www.souveraenes-digitales-lehren-und-lernen.de\/home\/oeffnung-hochschuluebergreifender-weiterbildungsangebote-in-kooperation-mit-der-huew\/\" tabindex=\"-1\" ><div class=\"elementor-post__thumbnail\"><img loading=\"lazy\" decoding=\"async\" width=\"768\" height=\"389\" src=\"https:\/\/www.souveraenes-digitales-lehren-und-lernen.de\/wp-content\/uploads\/2025\/09\/Foto-von-Ling-App-auf-Unsplash-e1758192704735-768x389.jpg\" class=\"attachment-medium_large size-medium_large wp-image-15779\" alt=\"\" srcset=\"https:\/\/www.souveraenes-digitales-lehren-und-lernen.de\/wp-content\/uploads\/2025\/09\/Foto-von-Ling-App-auf-Unsplash-e1758192704735-768x389.jpg 768w, https:\/\/www.souveraenes-digitales-lehren-und-lernen.de\/wp-content\/uploads\/2025\/09\/Foto-von-Ling-App-auf-Unsplash-e1758192704735-225x114.jpg 225w, https:\/\/www.souveraenes-digitales-lehren-und-lernen.de\/wp-content\/uploads\/2025\/09\/Foto-von-Ling-App-auf-Unsplash-e1758192704735-1024x519.jpg 1024w, https:\/\/www.souveraenes-digitales-lehren-und-lernen.de\/wp-content\/uploads\/2025\/09\/Foto-von-Ling-App-auf-Unsplash-e1758192704735-1536x778.jpg 1536w, https:\/\/www.souveraenes-digitales-lehren-und-lernen.de\/wp-content\/uploads\/2025\/09\/Foto-von-Ling-App-auf-Unsplash-e1758192704735.jpg 1920w\" sizes=\"(max-width: 768px) 100vw, 768px\" \/><\/div><\/a>\n\t\t\t\t<div class=\"elementor-post__text\">\n\t\t\t\t<h2 class=\"elementor-post__title\">\n\t\t\t<a href=\"https:\/\/www.souveraenes-digitales-lehren-und-lernen.de\/home\/oeffnung-hochschuluebergreifender-weiterbildungsangebote-in-kooperation-mit-der-huew\/\" >\n\t\t\t\t\u00d6ffnung hochschul\u00fcbergreifender Weiterbildungsangebote in Kooperation mit der H\u00fcW\t\t\t<\/a>\n\t\t<\/h2>\n\t\t\t\t<div class=\"elementor-post__excerpt\">\n\t\t\t<p>In Kooperation mit der H\u00fcW (Hochschul\u00fcbergreifende Weiterbildung) wurde eine \u00d6ffnung hochschuldidaktischer Fortbildungsangebote innerhalb der H\u00fcW-Kooperationshochschulen in die Wege geleitet. Dadurch ist es f\u00fcr die anvisierte<\/p>\n\t\t<\/div>\n\t\t\t\t\t<div class=\"elementor-post__read-more-wrapper\">\n\t\t\n\t\t<a class=\"elementor-post__read-more\" href=\"https:\/\/www.souveraenes-digitales-lehren-und-lernen.de\/home\/oeffnung-hochschuluebergreifender-weiterbildungsangebote-in-kooperation-mit-der-huew\/\" aria-label=\"Read more about \u00d6ffnung hochschul\u00fcbergreifender Weiterbildungsangebote in Kooperation mit der H\u00fcW\" tabindex=\"-1\" >\n\t\t\tWeiterlesen \u00bb\t\t<\/a>\n\n\t\t\t\t\t<\/div>\n\t\t\t\t<\/div>\n\t\t\t\t\t<\/div>\n\t\t<\/article>\n\t\t\t\t<article class=\"elementor-post elementor-grid-item post-15738 post type-post status-publish format-standard has-post-thumbnail hentry category-aktuelles\">\n\t\t\t<div class=\"elementor-post__card\">\n\t\t\t\t<a class=\"elementor-post__thumbnail__link\" href=\"https:\/\/www.souveraenes-digitales-lehren-und-lernen.de\/home\/herausforderungen-und-gelingensbedingungen-hochschuluebergreifender-kooperation-lessons-learned-aus-dem-verbundprojekt-souvern\/\" tabindex=\"-1\" ><div class=\"elementor-post__thumbnail\"><img loading=\"lazy\" decoding=\"async\" width=\"768\" height=\"388\" src=\"https:\/\/www.souveraenes-digitales-lehren-und-lernen.de\/wp-content\/uploads\/2025\/08\/Q-Konferenz-2025_Titelbild_Foto-von-SOUVER@N-768x388.jpg\" class=\"attachment-medium_large size-medium_large wp-image-15736\" alt=\"\" srcset=\"https:\/\/www.souveraenes-digitales-lehren-und-lernen.de\/wp-content\/uploads\/2025\/08\/Q-Konferenz-2025_Titelbild_Foto-von-SOUVER@N-768x388.jpg 768w, https:\/\/www.souveraenes-digitales-lehren-und-lernen.de\/wp-content\/uploads\/2025\/08\/Q-Konferenz-2025_Titelbild_Foto-von-SOUVER@N-225x114.jpg 225w, https:\/\/www.souveraenes-digitales-lehren-und-lernen.de\/wp-content\/uploads\/2025\/08\/Q-Konferenz-2025_Titelbild_Foto-von-SOUVER@N-1024x517.jpg 1024w, https:\/\/www.souveraenes-digitales-lehren-und-lernen.de\/wp-content\/uploads\/2025\/08\/Q-Konferenz-2025_Titelbild_Foto-von-SOUVER@N-1536x775.jpg 1536w, https:\/\/www.souveraenes-digitales-lehren-und-lernen.de\/wp-content\/uploads\/2025\/08\/Q-Konferenz-2025_Titelbild_Foto-von-SOUVER@N-2048x1034.jpg 2048w\" sizes=\"(max-width: 768px) 100vw, 768px\" \/><\/div><\/a>\n\t\t\t\t<div class=\"elementor-post__text\">\n\t\t\t\t<h2 class=\"elementor-post__title\">\n\t\t\t<a href=\"https:\/\/www.souveraenes-digitales-lehren-und-lernen.de\/home\/herausforderungen-und-gelingensbedingungen-hochschuluebergreifender-kooperation-lessons-learned-aus-dem-verbundprojekt-souvern\/\" >\n\t\t\t\tHerausforderungen und Gelingensbedingungen hochschul\u00fcbergreifender Kooperation \u2013 Lessons Learned aus dem Verbundprojekt SOUVER@N\t\t\t<\/a>\n\t\t<\/h2>\n\t\t\t\t<div class=\"elementor-post__excerpt\">\n\t\t\t<p>Hochschul\u00fcbergreifende Verbundprojekte bieten im Vergleich zu Einzelprojekten ein erhebliches Potenzial f\u00fcr Innovation, Transfer und Reichweite \u2013 gehen jedoch auch mit spezifischen Herausforderungen einher. Zielsetzungen und<\/p>\n\t\t<\/div>\n\t\t\t\t\t<div class=\"elementor-post__read-more-wrapper\">\n\t\t\n\t\t<a class=\"elementor-post__read-more\" href=\"https:\/\/www.souveraenes-digitales-lehren-und-lernen.de\/home\/herausforderungen-und-gelingensbedingungen-hochschuluebergreifender-kooperation-lessons-learned-aus-dem-verbundprojekt-souvern\/\" aria-label=\"Read more about Herausforderungen und Gelingensbedingungen hochschul\u00fcbergreifender Kooperation \u2013 Lessons Learned aus dem Verbundprojekt SOUVER@N\" tabindex=\"-1\" >\n\t\t\tWeiterlesen \u00bb\t\t<\/a>\n\n\t\t\t\t\t<\/div>\n\t\t\t\t<\/div>\n\t\t\t\t\t<\/div>\n\t\t<\/article>\n\t\t\t\t<article class=\"elementor-post elementor-grid-item post-15673 post type-post status-publish format-standard has-post-thumbnail hentry category-aktuelles\">\n\t\t\t<div class=\"elementor-post__card\">\n\t\t\t\t<a class=\"elementor-post__thumbnail__link\" href=\"https:\/\/www.souveraenes-digitales-lehren-und-lernen.de\/home\/einblicke-in-das-souveraen-gesamttreffen-2025\/\" tabindex=\"-1\" ><div class=\"elementor-post__thumbnail\"><img loading=\"lazy\" decoding=\"async\" width=\"768\" height=\"477\" src=\"https:\/\/www.souveraenes-digitales-lehren-und-lernen.de\/wp-content\/uploads\/2025\/07\/Titelbild_Gesamttreffen-2025-in-OL_Foto-von-SOUVER@N1_Foto-von-SOUVER@N-scaled-e1752478957721-768x477.jpg\" class=\"attachment-medium_large size-medium_large wp-image-15682\" alt=\"\" srcset=\"https:\/\/www.souveraenes-digitales-lehren-und-lernen.de\/wp-content\/uploads\/2025\/07\/Titelbild_Gesamttreffen-2025-in-OL_Foto-von-SOUVER@N1_Foto-von-SOUVER@N-scaled-e1752478957721-768x477.jpg 768w, https:\/\/www.souveraenes-digitales-lehren-und-lernen.de\/wp-content\/uploads\/2025\/07\/Titelbild_Gesamttreffen-2025-in-OL_Foto-von-SOUVER@N1_Foto-von-SOUVER@N-scaled-e1752478957721-225x140.jpg 225w, https:\/\/www.souveraenes-digitales-lehren-und-lernen.de\/wp-content\/uploads\/2025\/07\/Titelbild_Gesamttreffen-2025-in-OL_Foto-von-SOUVER@N1_Foto-von-SOUVER@N-scaled-e1752478957721-1024x636.jpg 1024w, https:\/\/www.souveraenes-digitales-lehren-und-lernen.de\/wp-content\/uploads\/2025\/07\/Titelbild_Gesamttreffen-2025-in-OL_Foto-von-SOUVER@N1_Foto-von-SOUVER@N-scaled-e1752478957721-1536x954.jpg 1536w, https:\/\/www.souveraenes-digitales-lehren-und-lernen.de\/wp-content\/uploads\/2025\/07\/Titelbild_Gesamttreffen-2025-in-OL_Foto-von-SOUVER@N1_Foto-von-SOUVER@N-scaled-e1752478957721-2048x1272.jpg 2048w\" sizes=\"(max-width: 768px) 100vw, 768px\" \/><\/div><\/a>\n\t\t\t\t<div class=\"elementor-post__text\">\n\t\t\t\t<h2 class=\"elementor-post__title\">\n\t\t\t<a href=\"https:\/\/www.souveraenes-digitales-lehren-und-lernen.de\/home\/einblicke-in-das-souveraen-gesamttreffen-2025\/\" >\n\t\t\t\tEinblicke in das SOUVER@N-Gesamttreffen 2025 an der Universit\u00e4t Oldenburg\t\t\t<\/a>\n\t\t<\/h2>\n\t\t\t\t<div class=\"elementor-post__excerpt\">\n\t\t\t<p>Am 23. und 24. Juni 2025 fand unser diesj\u00e4hriges SOUVER@N-Gesamttreffen an der Carl von Ossietzky Universit\u00e4t in Oldenburg in Pr\u00e4senz statt. Gem\u00e4\u00df dem \u00fcbergeordneten Motto<\/p>\n\t\t<\/div>\n\t\t\t\t\t<div class=\"elementor-post__read-more-wrapper\">\n\t\t\n\t\t<a class=\"elementor-post__read-more\" href=\"https:\/\/www.souveraenes-digitales-lehren-und-lernen.de\/home\/einblicke-in-das-souveraen-gesamttreffen-2025\/\" aria-label=\"Read more about Einblicke in das SOUVER@N-Gesamttreffen 2025 an der Universit\u00e4t Oldenburg\" tabindex=\"-1\" >\n\t\t\tWeiterlesen \u00bb\t\t<\/a>\n\n\t\t\t\t\t<\/div>\n\t\t\t\t<\/div>\n\t\t\t\t\t<\/div>\n\t\t<\/article>\n\t\t\t\t<\/div>\n\t\t\t\t\t<span class=\"e-load-more-spinner\">\n\t\t\t\t<i aria-hidden=\"true\" class=\"fas fa-spinner\"><\/i>\t\t\t<\/span>\n\t\t\n\t\t\t\t<div class=\"e-load-more-anchor\" data-page=\"1\" data-max-page=\"10\" data-next-page=\"https:\/\/www.souveraenes-digitales-lehren-und-lernen.de\/home\/wp-json\/wp\/v2\/pages\/841\/page\/2\/\"><\/div>\n\t\t\t\t<div class=\"e-load-more-message\"><\/div>\n\t\t\t\t\t\t<\/div>\n\t\t\t\t<\/div>\n\t\t\t\t\t<\/div>\n\t\t<\/div>\n\t\t\t\t\t<\/div>\n\t\t<\/section>\n\t\t\t\t<\/div>\n\t\t","protected":false},"excerpt":{"rendered":"<p>Aktuelles<\/p>\n","protected":false},"author":2,"featured_media":0,"parent":0,"menu_order":0,"comment_status":"closed","ping_status":"closed","template":"elementor_header_footer","meta":{"footnotes":"","_links_to":"","_links_to_target":""},"class_list":["post-841","page","type-page","status-publish","hentry"],"_links":{"self":[{"href":"https:\/\/www.souveraenes-digitales-lehren-und-lernen.de\/home\/wp-json\/wp\/v2\/pages\/841","targetHints":{"allow":["GET"]}}],"collection":[{"href":"https:\/\/www.souveraenes-digitales-lehren-und-lernen.de\/home\/wp-json\/wp\/v2\/pages"}],"about":[{"href":"https:\/\/www.souveraenes-digitales-lehren-und-lernen.de\/home\/wp-json\/wp\/v2\/types\/page"}],"author":[{"embeddable":true,"href":"https:\/\/www.souveraenes-digitales-lehren-und-lernen.de\/home\/wp-json\/wp\/v2\/users\/2"}],"replies":[{"embeddable":true,"href":"https:\/\/www.souveraenes-digitales-lehren-und-lernen.de\/home\/wp-json\/wp\/v2\/comments?post=841"}],"version-history":[{"count":299,"href":"https:\/\/www.souveraenes-digitales-lehren-und-lernen.de\/home\/wp-json\/wp\/v2\/pages\/841\/revisions"}],"predecessor-version":[{"id":8748,"href":"https:\/\/www.souveraenes-digitales-lehren-und-lernen.de\/home\/wp-json\/wp\/v2\/pages\/841\/revisions\/8748"}],"wp:attachment":[{"href":"https:\/\/www.souveraenes-digitales-lehren-und-lernen.de\/home\/wp-json\/wp\/v2\/media?parent=841"}],"curies":[{"name":"wp","href":"https:\/\/api.w.org\/{rel}","templated":true}]}}