{"id":4668,"date":"2023-01-13T14:01:37","date_gmt":"2023-01-13T13:01:37","guid":{"rendered":"https:\/\/www.souveraenes-digitales-lehren-und-lernen.de\/home\/?page_id=4668"},"modified":"2023-10-24T17:52:51","modified_gmt":"2023-10-24T15:52:51","slug":"ergebnisse-produkte","status":"publish","type":"page","link":"https:\/\/www.souveraenes-digitales-lehren-und-lernen.de\/home\/ergebnisse-produkte\/","title":{"rendered":"Ergebnisse &#038; Produkte"},"content":{"rendered":"\t\t<div data-elementor-type=\"wp-page\" data-elementor-id=\"4668\" class=\"elementor elementor-4668\" data-elementor-post-type=\"page\">\n\t\t\t\t\t\t<section class=\"elementor-section elementor-top-section elementor-element elementor-element-901871a elementor-section-boxed elementor-section-height-default elementor-section-height-default\" data-id=\"901871a\" data-element_type=\"section\" data-e-type=\"section\">\n\t\t\t\t\t\t<div class=\"elementor-container elementor-column-gap-default\">\n\t\t\t\t\t<div class=\"elementor-column elementor-col-100 elementor-top-column elementor-element elementor-element-ae4f0af\" data-id=\"ae4f0af\" data-element_type=\"column\" data-e-type=\"column\">\n\t\t\t<div class=\"elementor-widget-wrap elementor-element-populated\">\n\t\t\t\t\t\t<div class=\"elementor-element elementor-element-7906dcd elementor-widget elementor-widget-spacer\" data-id=\"7906dcd\" data-element_type=\"widget\" data-e-type=\"widget\" data-widget_type=\"spacer.default\">\n\t\t\t\t<div class=\"elementor-widget-container\">\n\t\t\t\t\t\t\t<div class=\"elementor-spacer\">\n\t\t\t<div class=\"elementor-spacer-inner\"><\/div>\n\t\t<\/div>\n\t\t\t\t\t\t<\/div>\n\t\t\t\t<\/div>\n\t\t\t\t<div class=\"elementor-element elementor-element-e4919ad elementor-widget elementor-widget-global elementor-global-7849 elementor-widget-heading\" data-id=\"e4919ad\" data-element_type=\"widget\" data-e-type=\"widget\" data-widget_type=\"heading.default\">\n\t\t\t\t<div class=\"elementor-widget-container\">\n\t\t\t\t\t<h2 class=\"elementor-heading-title elementor-size-default\">Produkte &amp; Ergebnisse<\/h2>\t\t\t\t<\/div>\n\t\t\t\t<\/div>\n\t\t\t\t<div class=\"elementor-element elementor-element-d8f85d1 elementor-widget elementor-widget-spacer\" data-id=\"d8f85d1\" data-element_type=\"widget\" data-e-type=\"widget\" data-widget_type=\"spacer.default\">\n\t\t\t\t<div class=\"elementor-widget-container\">\n\t\t\t\t\t\t\t<div class=\"elementor-spacer\">\n\t\t\t<div class=\"elementor-spacer-inner\"><\/div>\n\t\t<\/div>\n\t\t\t\t\t\t<\/div>\n\t\t\t\t<\/div>\n\t\t\t\t<div class=\"elementor-element elementor-element-c6aba1e elementor-grid-2 elementor-posts__hover-none elementor-grid-tablet-2 elementor-grid-mobile-1 elementor-posts--thumbnail-top elementor-widget elementor-widget-posts\" data-id=\"c6aba1e\" data-element_type=\"widget\" data-e-type=\"widget\" data-settings=\"{&quot;cards_columns&quot;:&quot;2&quot;,&quot;pagination_type&quot;:&quot;load_more_infinite_scroll&quot;,&quot;cards_columns_tablet&quot;:&quot;2&quot;,&quot;cards_columns_mobile&quot;:&quot;1&quot;,&quot;cards_row_gap&quot;:{&quot;unit&quot;:&quot;px&quot;,&quot;size&quot;:35,&quot;sizes&quot;:[]},&quot;cards_row_gap_tablet&quot;:{&quot;unit&quot;:&quot;px&quot;,&quot;size&quot;:&quot;&quot;,&quot;sizes&quot;:[]},&quot;cards_row_gap_mobile&quot;:{&quot;unit&quot;:&quot;px&quot;,&quot;size&quot;:&quot;&quot;,&quot;sizes&quot;:[]},&quot;load_more_spinner&quot;:{&quot;value&quot;:&quot;fas fa-spinner&quot;,&quot;library&quot;:&quot;fa-solid&quot;}}\" data-widget_type=\"posts.cards\">\n\t\t\t\t<div class=\"elementor-widget-container\">\n\t\t\t\t\t\t\t<div class=\"elementor-posts-container elementor-posts elementor-posts--skin-cards elementor-grid\">\n\t\t\t\t<article class=\"elementor-post elementor-grid-item post-9674 post type-post status-publish format-standard has-post-thumbnail hentry category-produkteergebnisse\">\n\t\t\t<div class=\"elementor-post__card\">\n\t\t\t\t<a class=\"elementor-post__thumbnail__link\" href=\"https:\/\/www.souveraenes-digitales-lehren-und-lernen.de\/home\/huerden-potenziale-der-zukuenftigen-hochschullehre-aus-studierendenperspektive\/\" tabindex=\"-1\" ><div class=\"elementor-post__thumbnail\"><img fetchpriority=\"high\" decoding=\"async\" width=\"800\" height=\"224\" src=\"https:\/\/www.souveraenes-digitales-lehren-und-lernen.de\/wp-content\/uploads\/2023\/05\/E-Learning-1-1024x287.png\" class=\"attachment-large size-large wp-image-6884\" alt=\"\" srcset=\"https:\/\/www.souveraenes-digitales-lehren-und-lernen.de\/wp-content\/uploads\/2023\/05\/E-Learning-1-1024x287.png 1024w, https:\/\/www.souveraenes-digitales-lehren-und-lernen.de\/wp-content\/uploads\/2023\/05\/E-Learning-1-225x63.png 225w, https:\/\/www.souveraenes-digitales-lehren-und-lernen.de\/wp-content\/uploads\/2023\/05\/E-Learning-1-768x215.png 768w, https:\/\/www.souveraenes-digitales-lehren-und-lernen.de\/wp-content\/uploads\/2023\/05\/E-Learning-1-1536x430.png 1536w, https:\/\/www.souveraenes-digitales-lehren-und-lernen.de\/wp-content\/uploads\/2023\/05\/E-Learning-1-2048x573.png 2048w\" sizes=\"(max-width: 800px) 100vw, 800px\" \/><\/div><\/a>\n\t\t\t\t<div class=\"elementor-post__text\">\n\t\t\t\t<h3 class=\"elementor-post__title\">\n\t\t\t<a href=\"https:\/\/www.souveraenes-digitales-lehren-und-lernen.de\/home\/huerden-potenziale-der-zukuenftigen-hochschullehre-aus-studierendenperspektive\/\" >\n\t\t\t\tH\u00fcrden &#038; Potenziale der (zuk\u00fcnftigen) Hochschullehre aus Studierendenperspektive\t\t\t<\/a>\n\t\t<\/h3>\n\t\t\t\t<div class=\"elementor-post__excerpt\">\n\t\t\t<p>Das Thema \u201eDigitalisierung der Hochschullehre\u201c bleibt auch nach der Corona-Pandemie von hoher Aktualit\u00e4t; digitale bzw. digital unterst\u00fctzte Lehre sind integraler Bestandteil des Lehrbetriebs an Hochschulen<\/p>\n\t\t<\/div>\n\t\t\t\t\t<div class=\"elementor-post__read-more-wrapper\">\n\t\t\n\t\t<a class=\"elementor-post__read-more\" href=\"https:\/\/www.souveraenes-digitales-lehren-und-lernen.de\/home\/huerden-potenziale-der-zukuenftigen-hochschullehre-aus-studierendenperspektive\/\" aria-label=\"Read more about H\u00fcrden &#038; Potenziale der (zuk\u00fcnftigen) Hochschullehre aus Studierendenperspektive\" tabindex=\"-1\" >\n\t\t\tWeiterlesen \u00bb\t\t<\/a>\n\n\t\t\t\t\t<\/div>\n\t\t\t\t<\/div>\n\t\t\t\t\t<\/div>\n\t\t<\/article>\n\t\t\t\t<article class=\"elementor-post elementor-grid-item post-9074 post type-post status-publish format-standard has-post-thumbnail hentry category-produkteergebnisse\">\n\t\t\t<div class=\"elementor-post__card\">\n\t\t\t\t<a class=\"elementor-post__thumbnail__link\" href=\"https:\/\/www.souveraenes-digitales-lehren-und-lernen.de\/home\/bildrechte-bei-der-verwendung-von-bildern-und-videos-in-vorlesungsfolien\/\" tabindex=\"-1\" ><div class=\"elementor-post__thumbnail\"><img decoding=\"async\" width=\"800\" height=\"224\" src=\"https:\/\/www.souveraenes-digitales-lehren-und-lernen.de\/wp-content\/uploads\/2023\/07\/NHG-1024x287.png\" class=\"attachment-large size-large wp-image-6958\" alt=\"\" srcset=\"https:\/\/www.souveraenes-digitales-lehren-und-lernen.de\/wp-content\/uploads\/2023\/07\/NHG-1024x287.png 1024w, https:\/\/www.souveraenes-digitales-lehren-und-lernen.de\/wp-content\/uploads\/2023\/07\/NHG-225x63.png 225w, https:\/\/www.souveraenes-digitales-lehren-und-lernen.de\/wp-content\/uploads\/2023\/07\/NHG-768x215.png 768w, https:\/\/www.souveraenes-digitales-lehren-und-lernen.de\/wp-content\/uploads\/2023\/07\/NHG-1536x430.png 1536w, https:\/\/www.souveraenes-digitales-lehren-und-lernen.de\/wp-content\/uploads\/2023\/07\/NHG-2048x573.png 2048w\" sizes=\"(max-width: 800px) 100vw, 800px\" \/><\/div><\/a>\n\t\t\t\t<div class=\"elementor-post__text\">\n\t\t\t\t<h3 class=\"elementor-post__title\">\n\t\t\t<a href=\"https:\/\/www.souveraenes-digitales-lehren-und-lernen.de\/home\/bildrechte-bei-der-verwendung-von-bildern-und-videos-in-vorlesungsfolien\/\" >\n\t\t\t\tBildrechte bei der Verwendung von Bildern und Videos in Vorlesungsfolien\t\t\t<\/a>\n\t\t<\/h3>\n\t\t\t\t<div class=\"elementor-post__excerpt\">\n\t\t\t<p>Kenntnisse des Einmaleins der Bildrechte sind unerl\u00e4sslich, um eigene und fremde Bilder oder Videos gesetzeskonform in Vorlesungen zu pr\u00e4sentieren oder in Vorlesungsfolien zu teilen. Denn<\/p>\n\t\t<\/div>\n\t\t\t\t\t<div class=\"elementor-post__read-more-wrapper\">\n\t\t\n\t\t<a class=\"elementor-post__read-more\" href=\"https:\/\/www.souveraenes-digitales-lehren-und-lernen.de\/home\/bildrechte-bei-der-verwendung-von-bildern-und-videos-in-vorlesungsfolien\/\" aria-label=\"Read more about Bildrechte bei der Verwendung von Bildern und Videos in Vorlesungsfolien\" tabindex=\"-1\" >\n\t\t\tWeiterlesen \u00bb\t\t<\/a>\n\n\t\t\t\t\t<\/div>\n\t\t\t\t<\/div>\n\t\t\t\t\t<\/div>\n\t\t<\/article>\n\t\t\t\t<article class=\"elementor-post elementor-grid-item post-7409 post type-post status-publish format-standard has-post-thumbnail hentry category-produkteergebnisse\">\n\t\t\t<div class=\"elementor-post__card\">\n\t\t\t\t<a class=\"elementor-post__thumbnail__link\" href=\"https:\/\/www.souveraenes-digitales-lehren-und-lernen.de\/home\/rechtliche-aspekte-des-einsatzes-von-ki-in-studium-lehre-und-pruefung\/\" tabindex=\"-1\" ><div class=\"elementor-post__thumbnail\"><img decoding=\"async\" width=\"800\" height=\"224\" src=\"https:\/\/www.souveraenes-digitales-lehren-und-lernen.de\/wp-content\/uploads\/2023\/07\/NHG-1024x287.png\" class=\"attachment-large size-large wp-image-6958\" alt=\"\" srcset=\"https:\/\/www.souveraenes-digitales-lehren-und-lernen.de\/wp-content\/uploads\/2023\/07\/NHG-1024x287.png 1024w, https:\/\/www.souveraenes-digitales-lehren-und-lernen.de\/wp-content\/uploads\/2023\/07\/NHG-225x63.png 225w, https:\/\/www.souveraenes-digitales-lehren-und-lernen.de\/wp-content\/uploads\/2023\/07\/NHG-768x215.png 768w, https:\/\/www.souveraenes-digitales-lehren-und-lernen.de\/wp-content\/uploads\/2023\/07\/NHG-1536x430.png 1536w, https:\/\/www.souveraenes-digitales-lehren-und-lernen.de\/wp-content\/uploads\/2023\/07\/NHG-2048x573.png 2048w\" sizes=\"(max-width: 800px) 100vw, 800px\" \/><\/div><\/a>\n\t\t\t\t<div class=\"elementor-post__text\">\n\t\t\t\t<h3 class=\"elementor-post__title\">\n\t\t\t<a href=\"https:\/\/www.souveraenes-digitales-lehren-und-lernen.de\/home\/rechtliche-aspekte-des-einsatzes-von-ki-in-studium-lehre-und-pruefung\/\" >\n\t\t\t\tRechtliche Aspekte des Einsatzes von KI in Studium, Lehre und Pr\u00fcfung\t\t\t<\/a>\n\t\t<\/h3>\n\t\t\t\t<div class=\"elementor-post__excerpt\">\n\t\t\t<p>Hochschulen m\u00fcssen sich Gedanken machen, wie mit KI-Generatoren in Studium, Lehre und Pr\u00fcfung in didaktischer und rechtlicher Hinsicht umzugehen ist. Dabei geht es um die<\/p>\n\t\t<\/div>\n\t\t\t\t\t<div class=\"elementor-post__read-more-wrapper\">\n\t\t\n\t\t<a class=\"elementor-post__read-more\" href=\"https:\/\/www.souveraenes-digitales-lehren-und-lernen.de\/home\/rechtliche-aspekte-des-einsatzes-von-ki-in-studium-lehre-und-pruefung\/\" aria-label=\"Read more about Rechtliche Aspekte des Einsatzes von KI in Studium, Lehre und Pr\u00fcfung\" tabindex=\"-1\" >\n\t\t\tWeiterlesen \u00bb\t\t<\/a>\n\n\t\t\t\t\t<\/div>\n\t\t\t\t<\/div>\n\t\t\t\t\t<\/div>\n\t\t<\/article>\n\t\t\t\t<article class=\"elementor-post elementor-grid-item post-7175 post type-post status-publish format-standard has-post-thumbnail hentry category-produkteergebnisse\">\n\t\t\t<div class=\"elementor-post__card\">\n\t\t\t\t<a class=\"elementor-post__thumbnail__link\" href=\"https:\/\/www.souveraenes-digitales-lehren-und-lernen.de\/home\/hochschuluebergreifende-lehrendenbefragung-zur-bedarferfassung-in-der-digitalen-und-digital-unterstuetzten-lehre\/\" tabindex=\"-1\" ><div class=\"elementor-post__thumbnail\"><img decoding=\"async\" width=\"800\" height=\"224\" src=\"https:\/\/www.souveraenes-digitales-lehren-und-lernen.de\/wp-content\/uploads\/2023\/07\/Survey-2-1024x287.png\" class=\"attachment-large size-large wp-image-6959\" alt=\"\" srcset=\"https:\/\/www.souveraenes-digitales-lehren-und-lernen.de\/wp-content\/uploads\/2023\/07\/Survey-2-1024x287.png 1024w, https:\/\/www.souveraenes-digitales-lehren-und-lernen.de\/wp-content\/uploads\/2023\/07\/Survey-2-225x63.png 225w, https:\/\/www.souveraenes-digitales-lehren-und-lernen.de\/wp-content\/uploads\/2023\/07\/Survey-2-768x215.png 768w, https:\/\/www.souveraenes-digitales-lehren-und-lernen.de\/wp-content\/uploads\/2023\/07\/Survey-2-1536x430.png 1536w, https:\/\/www.souveraenes-digitales-lehren-und-lernen.de\/wp-content\/uploads\/2023\/07\/Survey-2-2048x573.png 2048w\" sizes=\"(max-width: 800px) 100vw, 800px\" \/><\/div><\/a>\n\t\t\t\t<div class=\"elementor-post__text\">\n\t\t\t\t<h3 class=\"elementor-post__title\">\n\t\t\t<a href=\"https:\/\/www.souveraenes-digitales-lehren-und-lernen.de\/home\/hochschuluebergreifende-lehrendenbefragung-zur-bedarferfassung-in-der-digitalen-und-digital-unterstuetzten-lehre\/\" >\n\t\t\t\tHochschul\u00fcbergreifende Lehrendenbefragung zur Bedarferfassung in der digitalen (und digital unterst\u00fctzten) Lehre\t\t\t<\/a>\n\t\t<\/h3>\n\t\t\t\t<div class=\"elementor-post__excerpt\">\n\t\t\t<p>Ein Schwerpunkt von SOUVER@N ist es, den Lehrenden bedarfsorientierte Hilfestellungen bei der Durchf\u00fchrung digitaler (und digital unterst\u00fctzter) Hochschullehre anzubieten.Die durchgef\u00fchrte Befragung von Lehrenden &#8211; an<\/p>\n\t\t<\/div>\n\t\t\t\t\t<div class=\"elementor-post__read-more-wrapper\">\n\t\t\n\t\t<a class=\"elementor-post__read-more\" href=\"https:\/\/www.souveraenes-digitales-lehren-und-lernen.de\/home\/hochschuluebergreifende-lehrendenbefragung-zur-bedarferfassung-in-der-digitalen-und-digital-unterstuetzten-lehre\/\" aria-label=\"Read more about Hochschul\u00fcbergreifende Lehrendenbefragung zur Bedarferfassung in der digitalen (und digital unterst\u00fctzten) Lehre\" tabindex=\"-1\" >\n\t\t\tWeiterlesen \u00bb\t\t<\/a>\n\n\t\t\t\t\t<\/div>\n\t\t\t\t<\/div>\n\t\t\t\t\t<\/div>\n\t\t<\/article>\n\t\t\t\t<article class=\"elementor-post elementor-grid-item post-6624 post type-post status-publish format-standard has-post-thumbnail hentry category-produkteergebnisse\">\n\t\t\t<div class=\"elementor-post__card\">\n\t\t\t\t<a class=\"elementor-post__thumbnail__link\" href=\"https:\/\/www.souveraenes-digitales-lehren-und-lernen.de\/home\/hochschuluebergreifende-befragung-von-service-und-support-mitarbeitenden\/\" tabindex=\"-1\" ><div class=\"elementor-post__thumbnail\"><img decoding=\"async\" width=\"800\" height=\"224\" src=\"https:\/\/www.souveraenes-digitales-lehren-und-lernen.de\/wp-content\/uploads\/2023\/07\/Survey-2-1024x287.png\" class=\"attachment-large size-large wp-image-6959\" alt=\"\" srcset=\"https:\/\/www.souveraenes-digitales-lehren-und-lernen.de\/wp-content\/uploads\/2023\/07\/Survey-2-1024x287.png 1024w, https:\/\/www.souveraenes-digitales-lehren-und-lernen.de\/wp-content\/uploads\/2023\/07\/Survey-2-225x63.png 225w, https:\/\/www.souveraenes-digitales-lehren-und-lernen.de\/wp-content\/uploads\/2023\/07\/Survey-2-768x215.png 768w, https:\/\/www.souveraenes-digitales-lehren-und-lernen.de\/wp-content\/uploads\/2023\/07\/Survey-2-1536x430.png 1536w, https:\/\/www.souveraenes-digitales-lehren-und-lernen.de\/wp-content\/uploads\/2023\/07\/Survey-2-2048x573.png 2048w\" sizes=\"(max-width: 800px) 100vw, 800px\" \/><\/div><\/a>\n\t\t\t\t<div class=\"elementor-post__text\">\n\t\t\t\t<h3 class=\"elementor-post__title\">\n\t\t\t<a href=\"https:\/\/www.souveraenes-digitales-lehren-und-lernen.de\/home\/hochschuluebergreifende-befragung-von-service-und-support-mitarbeitenden\/\" >\n\t\t\t\tHochschul\u00fcbergreifende Befragung von Service- und Support-Mitarbeitenden\t\t\t<\/a>\n\t\t<\/h3>\n\t\t\t\t<div class=\"elementor-post__excerpt\">\n\t\t\t<p>Die Anforderungen, die an Service- und Support-Einheiten und ihre Mitarbeitenden gerichtet werden, steigen. Eine Strategie, um diese Herausforderung langfristig zu bew\u00e4ltigen, sind hochschul\u00fcbergreifende Netzwerke. So<\/p>\n\t\t<\/div>\n\t\t\t\t\t<div class=\"elementor-post__read-more-wrapper\">\n\t\t\n\t\t<a class=\"elementor-post__read-more\" href=\"https:\/\/www.souveraenes-digitales-lehren-und-lernen.de\/home\/hochschuluebergreifende-befragung-von-service-und-support-mitarbeitenden\/\" aria-label=\"Read more about Hochschul\u00fcbergreifende Befragung von Service- und Support-Mitarbeitenden\" tabindex=\"-1\" >\n\t\t\tWeiterlesen \u00bb\t\t<\/a>\n\n\t\t\t\t\t<\/div>\n\t\t\t\t<\/div>\n\t\t\t\t\t<\/div>\n\t\t<\/article>\n\t\t\t\t<article class=\"elementor-post elementor-grid-item post-5606 post type-post status-publish format-standard has-post-thumbnail hentry category-produkteergebnisse\">\n\t\t\t<div class=\"elementor-post__card\">\n\t\t\t\t<a class=\"elementor-post__thumbnail__link\" href=\"https:\/\/www.souveraenes-digitales-lehren-und-lernen.de\/home\/anrechnungsmoeglichkeiten-von-e-learning-formaten\/\" tabindex=\"-1\" ><div class=\"elementor-post__thumbnail\"><img loading=\"lazy\" decoding=\"async\" width=\"800\" height=\"224\" src=\"https:\/\/www.souveraenes-digitales-lehren-und-lernen.de\/wp-content\/uploads\/2023\/07\/E-Learning-1024x287.png\" class=\"attachment-large size-large wp-image-6957\" alt=\"\" srcset=\"https:\/\/www.souveraenes-digitales-lehren-und-lernen.de\/wp-content\/uploads\/2023\/07\/E-Learning-1024x287.png 1024w, https:\/\/www.souveraenes-digitales-lehren-und-lernen.de\/wp-content\/uploads\/2023\/07\/E-Learning-225x63.png 225w, https:\/\/www.souveraenes-digitales-lehren-und-lernen.de\/wp-content\/uploads\/2023\/07\/E-Learning-768x215.png 768w, https:\/\/www.souveraenes-digitales-lehren-und-lernen.de\/wp-content\/uploads\/2023\/07\/E-Learning-1536x430.png 1536w, https:\/\/www.souveraenes-digitales-lehren-und-lernen.de\/wp-content\/uploads\/2023\/07\/E-Learning-2048x573.png 2048w\" sizes=\"(max-width: 800px) 100vw, 800px\" \/><\/div><\/a>\n\t\t\t\t<div class=\"elementor-post__text\">\n\t\t\t\t<h3 class=\"elementor-post__title\">\n\t\t\t<a href=\"https:\/\/www.souveraenes-digitales-lehren-und-lernen.de\/home\/anrechnungsmoeglichkeiten-von-e-learning-formaten\/\" >\n\t\t\t\tAnrechnungsm\u00f6glichkeiten von E-Learning-Formaten\t\t\t<\/a>\n\t\t<\/h3>\n\t\t\t\t<div class=\"elementor-post__excerpt\">\n\t\t\t<p>Immer mehr digitale Lehr-Formate halten Einzug in die Lehre. Es stellt sich die Frage, wie die freiwillige Erbringung, Erstellung und Betreuung digitaler Lehrleistungen auf das<\/p>\n\t\t<\/div>\n\t\t\t\t\t<div class=\"elementor-post__read-more-wrapper\">\n\t\t\n\t\t<a class=\"elementor-post__read-more\" href=\"https:\/\/www.souveraenes-digitales-lehren-und-lernen.de\/home\/anrechnungsmoeglichkeiten-von-e-learning-formaten\/\" aria-label=\"Read more about Anrechnungsm\u00f6glichkeiten von E-Learning-Formaten\" tabindex=\"-1\" >\n\t\t\tWeiterlesen \u00bb\t\t<\/a>\n\n\t\t\t\t\t<\/div>\n\t\t\t\t<\/div>\n\t\t\t\t\t<\/div>\n\t\t<\/article>\n\t\t\t\t<\/div>\n\t\t\t\t\t<span class=\"e-load-more-spinner\">\n\t\t\t\t<i aria-hidden=\"true\" class=\"fas fa-spinner\"><\/i>\t\t\t<\/span>\n\t\t\n\t\t\t\t<div class=\"e-load-more-anchor\" data-page=\"1\" data-max-page=\"2\" data-next-page=\"https:\/\/www.souveraenes-digitales-lehren-und-lernen.de\/home\/wp-json\/wp\/v2\/pages\/4668\/page\/2\/\"><\/div>\n\t\t\t\t<div class=\"e-load-more-message\"><\/div>\n\t\t\t\t\t\t<\/div>\n\t\t\t\t<\/div>\n\t\t\t\t\t<\/div>\n\t\t<\/div>\n\t\t\t\t\t<\/div>\n\t\t<\/section>\n\t\t\t\t<\/div>\n\t\t","protected":false},"excerpt":{"rendered":"<p>Produkte &#038; Ergebnisse<\/p>\n","protected":false},"author":2,"featured_media":0,"parent":0,"menu_order":0,"comment_status":"closed","ping_status":"closed","template":"","meta":{"footnotes":"","_links_to":"","_links_to_target":""},"class_list":["post-4668","page","type-page","status-publish","hentry"],"_links":{"self":[{"href":"https:\/\/www.souveraenes-digitales-lehren-und-lernen.de\/home\/wp-json\/wp\/v2\/pages\/4668","targetHints":{"allow":["GET"]}}],"collection":[{"href":"https:\/\/www.souveraenes-digitales-lehren-und-lernen.de\/home\/wp-json\/wp\/v2\/pages"}],"about":[{"href":"https:\/\/www.souveraenes-digitales-lehren-und-lernen.de\/home\/wp-json\/wp\/v2\/types\/page"}],"author":[{"embeddable":true,"href":"https:\/\/www.souveraenes-digitales-lehren-und-lernen.de\/home\/wp-json\/wp\/v2\/users\/2"}],"replies":[{"embeddable":true,"href":"https:\/\/www.souveraenes-digitales-lehren-und-lernen.de\/home\/wp-json\/wp\/v2\/comments?post=4668"}],"version-history":[{"count":280,"href":"https:\/\/www.souveraenes-digitales-lehren-und-lernen.de\/home\/wp-json\/wp\/v2\/pages\/4668\/revisions"}],"predecessor-version":[{"id":8141,"href":"https:\/\/www.souveraenes-digitales-lehren-und-lernen.de\/home\/wp-json\/wp\/v2\/pages\/4668\/revisions\/8141"}],"wp:attachment":[{"href":"https:\/\/www.souveraenes-digitales-lehren-und-lernen.de\/home\/wp-json\/wp\/v2\/media?parent=4668"}],"curies":[{"name":"wp","href":"https:\/\/api.w.org\/{rel}","templated":true}]}}