{"id":3550,"date":"2022-09-27T15:00:42","date_gmt":"2022-09-27T13:00:42","guid":{"rendered":"https:\/\/souveraen.web.leuphana.de\/home\/?page_id=3550"},"modified":"2024-05-30T09:29:43","modified_gmt":"2024-05-30T07:29:43","slug":"impressum","status":"publish","type":"page","link":"https:\/\/www.souveraenes-digitales-lehren-und-lernen.de\/home\/impressum\/","title":{"rendered":"Impressum"},"content":{"rendered":"\t\t<div data-elementor-type=\"wp-page\" data-elementor-id=\"3550\" class=\"elementor elementor-3550\" data-elementor-post-type=\"page\">\n\t\t\t\t\t\t<section class=\"elementor-section elementor-top-section elementor-element elementor-element-d06afbe elementor-section-boxed elementor-section-height-default elementor-section-height-default\" data-id=\"d06afbe\" data-element_type=\"section\" data-e-type=\"section\">\n\t\t\t\t\t\t<div class=\"elementor-container elementor-column-gap-default\">\n\t\t\t\t\t<div class=\"elementor-column elementor-col-100 elementor-top-column elementor-element elementor-element-112efe6\" data-id=\"112efe6\" data-element_type=\"column\" data-e-type=\"column\">\n\t\t\t<div class=\"elementor-widget-wrap elementor-element-populated\">\n\t\t\t\t\t\t<div class=\"elementor-element elementor-element-903751a elementor-widget elementor-widget-heading\" data-id=\"903751a\" data-element_type=\"widget\" data-e-type=\"widget\" data-widget_type=\"heading.default\">\n\t\t\t\t<div class=\"elementor-widget-container\">\n\t\t\t\t\t<h2 class=\"elementor-heading-title elementor-size-default\">Impressum <\/h2>\t\t\t\t<\/div>\n\t\t\t\t<\/div>\n\t\t\t\t<div class=\"elementor-element elementor-element-0762602 elementor-widget elementor-widget-text-editor\" data-id=\"0762602\" data-element_type=\"widget\" data-e-type=\"widget\" data-widget_type=\"text-editor.default\">\n\t\t\t\t<div class=\"elementor-widget-container\">\n\t\t\t\t\t\t\t\t\t<section class=\"elementor-section elementor-top-section elementor-element elementor-element-ea53a1d elementor-section-boxed elementor-section-height-default elementor-section-height-default\" data-id=\"ea53a1d\" data-element_type=\"section\" data-settings=\"{&quot;background_background&quot;:&quot;classic&quot;}\"><div class=\"elementor-background-overlay\">\u00a0<\/div><div class=\"elementor-container elementor-column-gap-default\"><div class=\"elementor-column elementor-col-100 elementor-top-column elementor-element elementor-element-eb43a28\" data-id=\"eb43a28\" data-element_type=\"column\"><div class=\"elementor-widget-wrap elementor-element-populated\"><div class=\"elementor-element elementor-element-eede875 elementor-widget__width-initial elementor-widget elementor-widget-text-editor\" data-id=\"eede875\" data-element_type=\"widget\" data-widget_type=\"text-editor.default\"><div class=\"elementor-widget-container\"><p>Diese Seite ist Bestandteil des nieders\u00e4chsischen Verbundprojekts \u201eSouver@nes digitales Lehren und Lernen (SOUVER@N)\u201d. Das SOUVER@N-Projekt versteht sich als Nukleus f\u00fcr den Aufbau eines landesweiten Netzwerks, dessen Services und Angebote Zug um Zug auf alle nieders\u00e4chsischen Hochschulen ausgedehnt und in bestimmten spezialisierten Bereichen sp\u00e4ter auch deutschlandweit ausgerollt werden sollen. Es leistet damit einen wesentlichen Beitrag zur landesweiten Initiative <i>Hochschule.digital Niedersachsen<\/i> und wird von der <i>Stiftung Innovation in der Hochschullehre<\/i> gef\u00f6rdert.<\/p><p>Die Leu\u00adpha\u00adna Uni\u00adver\u00adsit\u00e4t L\u00fcne\u00adburg ist eine Stif\u00adtung des \u00f6ffent\u00adli\u00adchen Rechts. Sie wird durch den Pr\u00e4si\u00adden\u00adten Prof. Sa\u00adscha Spoun ge\u00adsetz\u00adlich ver\u00adtre\u00adten.<\/p><p>Um\u00adsatz\u00adsteu\u00ader-Iden\u00adti\u00adfi\u00adka\u00adti\u00adons\u00adnum\u00admer gem\u00e4\u00df \u00a7 27a Um\u00adsatz\u00adsteu\u00ader\u00adge\u00adsetz: DE 811 305 548<\/p><p>In\u00adhalt\u00adlich ver\u00adant\u00adwort\u00adlich i.S.d. \u00a7<span class=\"mx_EventTile_body\" dir=\"auto\"> 18 II MStV<\/span> sind die bei den je\u00adwei\u00adli\u00adgen Do\u00adku\u00admen\u00adten im Im\u00adpres\u00adsum an\u00adge\u00adge\u00adbe\u00adnen Per\u00adso\u00adnen.<\/p><p>Dr. Julia Webersik<br \/>Leu\u00adpha\u00adna Uni\u00adver\u00adsit\u00e4t L\u00fcne\u00adburg <br \/>Uni\u00adver\u00adsit\u00e4tsal\u00adlee 1 <br \/>21335 L\u00fcne\u00adburg\u00a0 <br \/>www.leuphana.de \u00a0<\/p><p><strong>HAFTUNGSHINWEIS<\/strong><br \/>Trotz sorgf\u00e4lti\u00adger in\u00adhalt\u00adli\u00adcher Kon\u00adtrol\u00adle \u00fcber\u00adneh\u00admen wir kei\u00adne Haf\u00adtung f\u00fcr die In\u00adhal\u00adte ex\u00adter\u00adner Links. F\u00fcr den In\u00adhalt der ver\u00adlink\u00adten Sei\u00adten sind aus\u00adsch\u00adlie\u00dflich de\u00adren Be\u00adtrei\u00adber:innen ver\u00adant\u00adwort\u00adlich.<\/p><p><strong>URHEBERRECHT<\/strong><br \/>Der In\u00adhalt die\u00adser Web\u00adsei\u00adten ist ur\u00adhe\u00adber\u00adrecht\u00adlich gesch\u00fctzt. Tex\u00adte und Bil\u00adder d\u00fcrfen nur zum pri\u00adva\u00adten Ge\u00adbrauch oder mit aus\u00addr\u00fcck\u00adli\u00adcher schrift\u00adli\u00adcher Ge\u00adneh\u00admi\u00adgung der Leu\u00adpha\u00adna Uni\u00adver\u00adsit\u00e4t L\u00fcne\u00adburg ver\u00adwen\u00addet, ver\u00advielf\u00e4ltigt und ver\u00adbrei\u00adtet wer\u00adden.<\/p><\/div><\/div><\/div><\/div><\/div><\/section>\t\t\t\t\t\t\t\t<\/div>\n\t\t\t\t<\/div>\n\t\t\t\t\t<\/div>\n\t\t<\/div>\n\t\t\t\t\t<\/div>\n\t\t<\/section>\n\t\t\t\t<\/div>\n\t\t","protected":false},"excerpt":{"rendered":"<p>Impressum \u00a0 Diese Seite ist Bestandteil des nieders\u00e4chsischen Verbundprojekts \u201eSouver@nes digitales Lehren und Lernen (SOUVER@N)\u201d. Das SOUVER@N-Projekt versteht sich als Nukleus f\u00fcr den Aufbau eines landesweiten Netzwerks, dessen Services und Angebote Zug um Zug auf alle nieders\u00e4chsischen Hochschulen ausgedehnt und in bestimmten spezialisierten Bereichen sp\u00e4ter auch deutschlandweit ausgerollt werden sollen. Es leistet damit einen wesentlichen [&hellip;]<\/p>\n","protected":false},"author":2,"featured_media":0,"parent":0,"menu_order":0,"comment_status":"closed","ping_status":"closed","template":"","meta":{"footnotes":"","_links_to":"","_links_to_target":""},"class_list":["post-3550","page","type-page","status-publish","hentry"],"_links":{"self":[{"href":"https:\/\/www.souveraenes-digitales-lehren-und-lernen.de\/home\/wp-json\/wp\/v2\/pages\/3550","targetHints":{"allow":["GET"]}}],"collection":[{"href":"https:\/\/www.souveraenes-digitales-lehren-und-lernen.de\/home\/wp-json\/wp\/v2\/pages"}],"about":[{"href":"https:\/\/www.souveraenes-digitales-lehren-und-lernen.de\/home\/wp-json\/wp\/v2\/types\/page"}],"author":[{"embeddable":true,"href":"https:\/\/www.souveraenes-digitales-lehren-und-lernen.de\/home\/wp-json\/wp\/v2\/users\/2"}],"replies":[{"embeddable":true,"href":"https:\/\/www.souveraenes-digitales-lehren-und-lernen.de\/home\/wp-json\/wp\/v2\/comments?post=3550"}],"version-history":[{"count":6,"href":"https:\/\/www.souveraenes-digitales-lehren-und-lernen.de\/home\/wp-json\/wp\/v2\/pages\/3550\/revisions"}],"predecessor-version":[{"id":9543,"href":"https:\/\/www.souveraenes-digitales-lehren-und-lernen.de\/home\/wp-json\/wp\/v2\/pages\/3550\/revisions\/9543"}],"wp:attachment":[{"href":"https:\/\/www.souveraenes-digitales-lehren-und-lernen.de\/home\/wp-json\/wp\/v2\/media?parent=3550"}],"curies":[{"name":"wp","href":"https:\/\/api.w.org\/{rel}","templated":true}]}}