{"id":2020,"date":"2022-08-15T11:04:33","date_gmt":"2022-08-15T09:04:33","guid":{"rendered":"https:\/\/souveraen.web.leuphana.de\/home\/?page_id=2020"},"modified":"2023-09-13T16:43:49","modified_gmt":"2023-09-13T14:43:49","slug":"carl-von-ossietzky-universitaet-oldenburg","status":"publish","type":"page","link":"https:\/\/www.souveraenes-digitales-lehren-und-lernen.de\/home\/carl-von-ossietzky-universitaet-oldenburg\/","title":{"rendered":"Carl von Ossietzky Universit\u00e4t Oldenburg"},"content":{"rendered":"\t\t<div data-elementor-type=\"wp-page\" data-elementor-id=\"2020\" class=\"elementor elementor-2020\" data-elementor-post-type=\"page\">\n\t\t\t\t\t\t<section class=\"elementor-section elementor-top-section elementor-element elementor-element-d5f46b7 elementor-section-stretched elementor-section-boxed elementor-section-height-default elementor-section-height-default\" data-id=\"d5f46b7\" data-element_type=\"section\" data-e-type=\"section\" data-settings=\"{&quot;stretch_section&quot;:&quot;section-stretched&quot;}\">\n\t\t\t\t\t\t<div class=\"elementor-container elementor-column-gap-default\">\n\t\t\t\t\t<div class=\"elementor-column elementor-col-50 elementor-top-column elementor-element elementor-element-a7341e2\" data-id=\"a7341e2\" data-element_type=\"column\" data-e-type=\"column\">\n\t\t\t<div class=\"elementor-widget-wrap elementor-element-populated\">\n\t\t\t\t\t\t<div class=\"elementor-element elementor-element-f3d0e14 elementor-widget elementor-widget-image\" data-id=\"f3d0e14\" data-element_type=\"widget\" data-e-type=\"widget\" data-widget_type=\"image.default\">\n\t\t\t\t<div class=\"elementor-widget-container\">\n\t\t\t\t\t\t\t\t\t\t\t\t\t\t\t<img decoding=\"async\" width=\"225\" height=\"146\" src=\"https:\/\/www.souveraenes-digitales-lehren-und-lernen.de\/wp-content\/uploads\/2022\/08\/UOL_Logo_Blau-300x194.png\" class=\"attachment-medium size-medium wp-image-2059\" alt=\"\" srcset=\"https:\/\/www.souveraenes-digitales-lehren-und-lernen.de\/wp-content\/uploads\/2022\/08\/UOL_Logo_Blau-300x194.png 300w, https:\/\/www.souveraenes-digitales-lehren-und-lernen.de\/wp-content\/uploads\/2022\/08\/UOL_Logo_Blau-768x496.png 768w, https:\/\/www.souveraenes-digitales-lehren-und-lernen.de\/wp-content\/uploads\/2022\/08\/UOL_Logo_Blau.png 969w\" sizes=\"(max-width: 225px) 100vw, 225px\" \/>\t\t\t\t\t\t\t\t\t\t\t\t\t\t\t<\/div>\n\t\t\t\t<\/div>\n\t\t\t\t\t<\/div>\n\t\t<\/div>\n\t\t\t\t<div class=\"elementor-column elementor-col-50 elementor-top-column elementor-element elementor-element-f358d23\" data-id=\"f358d23\" data-element_type=\"column\" data-e-type=\"column\">\n\t\t\t<div class=\"elementor-widget-wrap\">\n\t\t\t\t\t\t\t<\/div>\n\t\t<\/div>\n\t\t\t\t\t<\/div>\n\t\t<\/section>\n\t\t\t\t<section class=\"elementor-section elementor-top-section elementor-element elementor-element-19e948e elementor-section-stretched elementor-section-boxed elementor-section-height-default elementor-section-height-default\" data-id=\"19e948e\" data-element_type=\"section\" data-e-type=\"section\" data-settings=\"{&quot;stretch_section&quot;:&quot;section-stretched&quot;}\">\n\t\t\t\t\t\t<div class=\"elementor-container elementor-column-gap-default\">\n\t\t\t\t\t<div class=\"elementor-column elementor-col-100 elementor-top-column elementor-element elementor-element-910de6d\" data-id=\"910de6d\" data-element_type=\"column\" data-e-type=\"column\">\n\t\t\t<div class=\"elementor-widget-wrap elementor-element-populated\">\n\t\t\t\t\t\t<div class=\"elementor-element elementor-element-3541128 elementor-widget elementor-widget-spacer\" data-id=\"3541128\" data-element_type=\"widget\" data-e-type=\"widget\" data-widget_type=\"spacer.default\">\n\t\t\t\t<div class=\"elementor-widget-container\">\n\t\t\t\t\t\t\t<div class=\"elementor-spacer\">\n\t\t\t<div class=\"elementor-spacer-inner\"><\/div>\n\t\t<\/div>\n\t\t\t\t\t\t<\/div>\n\t\t\t\t<\/div>\n\t\t\t\t\t<\/div>\n\t\t<\/div>\n\t\t\t\t\t<\/div>\n\t\t<\/section>\n\t\t\t\t<section class=\"elementor-section elementor-top-section elementor-element elementor-element-38a99b6 elementor-section-stretched elementor-section-boxed elementor-section-height-default elementor-section-height-default\" data-id=\"38a99b6\" data-element_type=\"section\" data-e-type=\"section\" data-settings=\"{&quot;stretch_section&quot;:&quot;section-stretched&quot;}\">\n\t\t\t\t\t\t<div class=\"elementor-container elementor-column-gap-default\">\n\t\t\t\t\t<div class=\"elementor-column elementor-col-100 elementor-top-column elementor-element elementor-element-f8333af\" data-id=\"f8333af\" data-element_type=\"column\" data-e-type=\"column\">\n\t\t\t<div class=\"elementor-widget-wrap elementor-element-populated\">\n\t\t\t\t\t\t<div class=\"elementor-element elementor-element-993a2a5 elementor-widget elementor-widget-text-editor\" data-id=\"993a2a5\" data-element_type=\"widget\" data-e-type=\"widget\" data-widget_type=\"text-editor.default\">\n\t\t\t\t<div class=\"elementor-widget-container\">\n\t\t\t\t\t\t\t\t\t<p>Die Carl von Ossietzky Universit\u00e4t Oldenburg (UOL) ist mit rund 16.000 Studierenden eine mittelgro\u00dfe Universit\u00e4t. Sie deckt mit \u00fcber gut 100 Studieng\u00e4ngen ein Spektrum ab, das von Bildungswissenschaften \u00fcber Sprach-, Geistes- und Kulturwissenschaften, Sozial-, Wirtschafts- und Naturwissenschaften bis zu Informatik und Humanmedizin reicht. 30 % der Studierenden streben einen Lehramtsabschluss an.<\/p>\t\t\t\t\t\t\t\t<\/div>\n\t\t\t\t<\/div>\n\t\t\t\t<div class=\"elementor-element elementor-element-95581af elementor-widget elementor-widget-spacer\" data-id=\"95581af\" data-element_type=\"widget\" data-e-type=\"widget\" data-widget_type=\"spacer.default\">\n\t\t\t\t<div class=\"elementor-widget-container\">\n\t\t\t\t\t\t\t<div class=\"elementor-spacer\">\n\t\t\t<div class=\"elementor-spacer-inner\"><\/div>\n\t\t<\/div>\n\t\t\t\t\t\t<\/div>\n\t\t\t\t<\/div>\n\t\t\t\t\t<\/div>\n\t\t<\/div>\n\t\t\t\t\t<\/div>\n\t\t<\/section>\n\t\t\t\t<section class=\"elementor-section elementor-top-section elementor-element elementor-element-d1a0183 elementor-section-stretched elementor-section-boxed elementor-section-height-default elementor-section-height-default\" data-id=\"d1a0183\" data-element_type=\"section\" data-e-type=\"section\" data-settings=\"{&quot;stretch_section&quot;:&quot;section-stretched&quot;}\">\n\t\t\t\t\t\t<div class=\"elementor-container elementor-column-gap-default\">\n\t\t\t\t\t<div class=\"elementor-column elementor-col-50 elementor-top-column elementor-element elementor-element-463da74\" data-id=\"463da74\" data-element_type=\"column\" data-e-type=\"column\">\n\t\t\t<div class=\"elementor-widget-wrap elementor-element-populated\">\n\t\t\t\t\t\t<div class=\"elementor-element elementor-element-d5f0b5b elementor-widget elementor-widget-text-editor\" data-id=\"d5f0b5b\" data-element_type=\"widget\" data-e-type=\"widget\" data-widget_type=\"text-editor.default\">\n\t\t\t\t<div class=\"elementor-widget-container\">\n\t\t\t\t\t\t\t\t\t<p>In der COVID-19-Pandemie haben sich an der UOL die \u00fcber zwei Jahrzehnte aufgebauten technischen Grundstrukturen f\u00fcr digitale und hybride Lehre bew\u00e4hrt. Notwendige Anpassungen in der Leistungsf\u00e4higkeit konnten so z\u00fcgig umgesetzt werden. Im Supportbereich wirkten Bibliothek, IT-Dienste und Hochschuldidaktik zusammen, um Lehrende und Studierende zu begleiten. Die digitale und hybride Lehre wurde dabei systematisch evaluiert, so dass die Ergebnisse zu Erfolgsfaktoren und Problemen f\u00fcr Studierende und Lehrende in das Projekt SOUVER@N und die Weiterentwicklung von Rahmenbedingungen, Formaten, Didaktik und Inhalten im Verbund eingespeist werden k\u00f6nnen.<\/p>\t\t\t\t\t\t\t\t<\/div>\n\t\t\t\t<\/div>\n\t\t\t\t\t<\/div>\n\t\t<\/div>\n\t\t\t\t<div class=\"elementor-column elementor-col-50 elementor-top-column elementor-element elementor-element-65e7442\" data-id=\"65e7442\" data-element_type=\"column\" data-e-type=\"column\">\n\t\t\t<div class=\"elementor-widget-wrap elementor-element-populated\">\n\t\t\t\t\t\t<div class=\"elementor-element elementor-element-c61b5ae elementor-widget elementor-widget-image\" data-id=\"c61b5ae\" data-element_type=\"widget\" data-e-type=\"widget\" data-widget_type=\"image.default\">\n\t\t\t\t<div class=\"elementor-widget-container\">\n\t\t\t\t\t\t\t\t\t\t\t\t\t\t\t<img fetchpriority=\"high\" decoding=\"async\" width=\"768\" height=\"582\" src=\"https:\/\/www.souveraenes-digitales-lehren-und-lernen.de\/wp-content\/uploads\/2022\/09\/IMG_1433-768x582.jpg\" class=\"attachment-medium_large size-medium_large wp-image-2991\" alt=\"\" srcset=\"https:\/\/www.souveraenes-digitales-lehren-und-lernen.de\/wp-content\/uploads\/2022\/09\/IMG_1433-768x582.jpg 768w, https:\/\/www.souveraenes-digitales-lehren-und-lernen.de\/wp-content\/uploads\/2022\/09\/IMG_1433-300x227.jpg 300w, https:\/\/www.souveraenes-digitales-lehren-und-lernen.de\/wp-content\/uploads\/2022\/09\/IMG_1433-1024x776.jpg 1024w, https:\/\/www.souveraenes-digitales-lehren-und-lernen.de\/wp-content\/uploads\/2022\/09\/IMG_1433-1536x1164.jpg 1536w, https:\/\/www.souveraenes-digitales-lehren-und-lernen.de\/wp-content\/uploads\/2022\/09\/IMG_1433.jpg 1901w\" sizes=\"(max-width: 768px) 100vw, 768px\" \/>\t\t\t\t\t\t\t\t\t\t\t\t\t\t\t<\/div>\n\t\t\t\t<\/div>\n\t\t\t\t\t<\/div>\n\t\t<\/div>\n\t\t\t\t\t<\/div>\n\t\t<\/section>\n\t\t\t\t<section class=\"elementor-section elementor-top-section elementor-element elementor-element-e0e9293 elementor-section-stretched elementor-section-boxed elementor-section-height-default elementor-section-height-default\" data-id=\"e0e9293\" data-element_type=\"section\" data-e-type=\"section\" data-settings=\"{&quot;stretch_section&quot;:&quot;section-stretched&quot;}\">\n\t\t\t\t\t\t<div class=\"elementor-container elementor-column-gap-wider\">\n\t\t\t\t\t<div class=\"elementor-column elementor-col-100 elementor-top-column elementor-element elementor-element-9672251\" data-id=\"9672251\" data-element_type=\"column\" data-e-type=\"column\">\n\t\t\t<div class=\"elementor-widget-wrap elementor-element-populated\">\n\t\t\t\t\t\t<div class=\"elementor-element elementor-element-2b41548 elementor-widget elementor-widget-spacer\" data-id=\"2b41548\" data-element_type=\"widget\" data-e-type=\"widget\" data-widget_type=\"spacer.default\">\n\t\t\t\t<div class=\"elementor-widget-container\">\n\t\t\t\t\t\t\t<div class=\"elementor-spacer\">\n\t\t\t<div class=\"elementor-spacer-inner\"><\/div>\n\t\t<\/div>\n\t\t\t\t\t\t<\/div>\n\t\t\t\t<\/div>\n\t\t\t\t<div class=\"elementor-element elementor-element-bd5ed2d elementor-widget elementor-widget-text-editor\" data-id=\"bd5ed2d\" data-element_type=\"widget\" data-e-type=\"widget\" data-widget_type=\"text-editor.default\">\n\t\t\t\t<div class=\"elementor-widget-container\">\n\t\t\t\t\t\t\t\t\t<p>Seit Jahren wirkt die UOL bei landesweiten Verbundprojekten wie z. B. eCULT zur Verbesserung der digitalen Lehre an Hochschulen mit. In den hochschuleigenen Einrichtungen arbeiten Mitarbeitende mit hoher Expertise und erstellen z. B. Lehrveranstaltungsaufzeichnungen, Podcasts oder auch OER-Materialien. Im Rahmen der Hochschul-E-Didaktik werden entsprechende Angebote erstellt, Veranstaltungen durchgef\u00fchrt und Beispiele guter Lehrkonzepte pr\u00e4sentiert. Die Tool-Bandbreite reicht von Stud.IP \u00fcber Opencast bis hin zu kommerziellen Produkten.<\/p>\t\t\t\t\t\t\t\t<\/div>\n\t\t\t\t<\/div>\n\t\t\t\t\t<\/div>\n\t\t<\/div>\n\t\t\t\t\t<\/div>\n\t\t<\/section>\n\t\t\t\t<section class=\"elementor-section elementor-top-section elementor-element elementor-element-1bb8241 elementor-section-stretched elementor-section-boxed elementor-section-height-default elementor-section-height-default\" data-id=\"1bb8241\" data-element_type=\"section\" data-e-type=\"section\" data-settings=\"{&quot;stretch_section&quot;:&quot;section-stretched&quot;}\">\n\t\t\t\t\t\t<div class=\"elementor-container elementor-column-gap-default\">\n\t\t\t\t\t<div class=\"elementor-column elementor-col-100 elementor-top-column elementor-element elementor-element-3638a3a\" data-id=\"3638a3a\" data-element_type=\"column\" data-e-type=\"column\">\n\t\t\t<div class=\"elementor-widget-wrap elementor-element-populated\">\n\t\t\t\t\t\t<div class=\"elementor-element elementor-element-cf41439 elementor-widget elementor-widget-spacer\" data-id=\"cf41439\" data-element_type=\"widget\" data-e-type=\"widget\" data-widget_type=\"spacer.default\">\n\t\t\t\t<div class=\"elementor-widget-container\">\n\t\t\t\t\t\t\t<div class=\"elementor-spacer\">\n\t\t\t<div class=\"elementor-spacer-inner\"><\/div>\n\t\t<\/div>\n\t\t\t\t\t\t<\/div>\n\t\t\t\t<\/div>\n\t\t\t\t\t<\/div>\n\t\t<\/div>\n\t\t\t\t\t<\/div>\n\t\t<\/section>\n\t\t\t\t<section class=\"elementor-section elementor-top-section elementor-element elementor-element-2a041f5 elementor-section-stretched elementor-section-boxed elementor-section-height-default elementor-section-height-default\" data-id=\"2a041f5\" data-element_type=\"section\" data-e-type=\"section\" data-settings=\"{&quot;stretch_section&quot;:&quot;section-stretched&quot;}\">\n\t\t\t\t\t\t<div class=\"elementor-container elementor-column-gap-default\">\n\t\t\t\t\t<div class=\"elementor-column elementor-col-100 elementor-top-column elementor-element elementor-element-fc4ed14\" data-id=\"fc4ed14\" data-element_type=\"column\" data-e-type=\"column\">\n\t\t\t<div class=\"elementor-widget-wrap elementor-element-populated\">\n\t\t\t\t\t\t<div class=\"elementor-element elementor-element-d3a3f42 elementor-widget elementor-widget-heading\" data-id=\"d3a3f42\" data-element_type=\"widget\" data-e-type=\"widget\" data-widget_type=\"heading.default\">\n\t\t\t\t<div class=\"elementor-widget-container\">\n\t\t\t\t\t<h2 class=\"elementor-heading-title elementor-size-default\">Team der Carl von Ossietzky Universit\u00e4t Oldenburg<\/h2>\t\t\t\t<\/div>\n\t\t\t\t<\/div>\n\t\t\t\t<div class=\"elementor-element elementor-element-a45f836 elementor-widget elementor-widget-spacer\" data-id=\"a45f836\" data-element_type=\"widget\" data-e-type=\"widget\" data-widget_type=\"spacer.default\">\n\t\t\t\t<div class=\"elementor-widget-container\">\n\t\t\t\t\t\t\t<div class=\"elementor-spacer\">\n\t\t\t<div class=\"elementor-spacer-inner\"><\/div>\n\t\t<\/div>\n\t\t\t\t\t\t<\/div>\n\t\t\t\t<\/div>\n\t\t\t\t\t<\/div>\n\t\t<\/div>\n\t\t\t\t\t<\/div>\n\t\t<\/section>\n\t\t\t\t<section class=\"elementor-section elementor-top-section elementor-element elementor-element-95d25a6 elementor-section-stretched elementor-section-boxed elementor-section-height-default elementor-section-height-default\" data-id=\"95d25a6\" data-element_type=\"section\" data-e-type=\"section\" data-settings=\"{&quot;stretch_section&quot;:&quot;section-stretched&quot;}\">\n\t\t\t\t\t\t<div class=\"elementor-container elementor-column-gap-default\">\n\t\t\t\t\t<div class=\"elementor-column elementor-col-100 elementor-top-column elementor-element elementor-element-8aa440b\" data-id=\"8aa440b\" data-element_type=\"column\" data-e-type=\"column\">\n\t\t\t<div class=\"elementor-widget-wrap elementor-element-populated\">\n\t\t\t\t\t\t<div class=\"elementor-element elementor-element-34ca9af elementor-widget elementor-widget-image\" data-id=\"34ca9af\" data-element_type=\"widget\" data-e-type=\"widget\" data-widget_type=\"image.default\">\n\t\t\t\t<div class=\"elementor-widget-container\">\n\t\t\t\t\t\t\t\t\t\t\t\t<figure class=\"wp-caption\">\n\t\t\t\t\t\t\t\t\t\t<img decoding=\"async\" width=\"768\" height=\"582\" src=\"https:\/\/www.souveraenes-digitales-lehren-und-lernen.de\/wp-content\/uploads\/2022\/09\/IMG_1424-768x582.jpg\" class=\"attachment-medium_large size-medium_large wp-image-2987\" alt=\"\" srcset=\"https:\/\/www.souveraenes-digitales-lehren-und-lernen.de\/wp-content\/uploads\/2022\/09\/IMG_1424-768x582.jpg 768w, https:\/\/www.souveraenes-digitales-lehren-und-lernen.de\/wp-content\/uploads\/2022\/09\/IMG_1424-300x227.jpg 300w, https:\/\/www.souveraenes-digitales-lehren-und-lernen.de\/wp-content\/uploads\/2022\/09\/IMG_1424-1024x776.jpg 1024w, https:\/\/www.souveraenes-digitales-lehren-und-lernen.de\/wp-content\/uploads\/2022\/09\/IMG_1424-1536x1164.jpg 1536w, https:\/\/www.souveraenes-digitales-lehren-und-lernen.de\/wp-content\/uploads\/2022\/09\/IMG_1424-2048x1552.jpg 2048w\" sizes=\"(max-width: 768px) 100vw, 768px\" \/>\t\t\t\t\t\t\t\t\t\t\t<figcaption class=\"widget-image-caption wp-caption-text\">v.l.n.r. Isabel M\u00fcskens, Dr. Norbert Kleinefeld<\/figcaption>\n\t\t\t\t\t\t\t\t\t\t<\/figure>\n\t\t\t\t\t\t\t\t\t<\/div>\n\t\t\t\t<\/div>\n\t\t\t\t<div class=\"elementor-element elementor-element-4650e0b elementor-widget elementor-widget-spacer\" data-id=\"4650e0b\" data-element_type=\"widget\" data-e-type=\"widget\" data-widget_type=\"spacer.default\">\n\t\t\t\t<div class=\"elementor-widget-container\">\n\t\t\t\t\t\t\t<div class=\"elementor-spacer\">\n\t\t\t<div class=\"elementor-spacer-inner\"><\/div>\n\t\t<\/div>\n\t\t\t\t\t\t<\/div>\n\t\t\t\t<\/div>\n\t\t\t\t\t<\/div>\n\t\t<\/div>\n\t\t\t\t\t<\/div>\n\t\t<\/section>\n\t\t\t\t<\/div>\n\t\t","protected":false},"excerpt":{"rendered":"<p>Die Carl von Ossietzky Universit\u00e4t Oldenburg (UOL) ist mit rund 16.000 Studierenden eine mittelgro\u00dfe Universit\u00e4t. Sie deckt mit \u00fcber gut 100 Studieng\u00e4ngen ein Spektrum ab, das von Bildungswissenschaften \u00fcber Sprach-, Geistes- und Kulturwissenschaften, Sozial-, Wirtschafts- und Naturwissenschaften bis zu Informatik und Humanmedizin reicht. 30 % der Studierenden streben einen Lehramtsabschluss an. In der COVID-19-Pandemie haben [&hellip;]<\/p>\n","protected":false},"author":2,"featured_media":0,"parent":0,"menu_order":0,"comment_status":"closed","ping_status":"closed","template":"","meta":{"footnotes":"","_links_to":"","_links_to_target":""},"class_list":["post-2020","page","type-page","status-publish","hentry"],"_links":{"self":[{"href":"https:\/\/www.souveraenes-digitales-lehren-und-lernen.de\/home\/wp-json\/wp\/v2\/pages\/2020","targetHints":{"allow":["GET"]}}],"collection":[{"href":"https:\/\/www.souveraenes-digitales-lehren-und-lernen.de\/home\/wp-json\/wp\/v2\/pages"}],"about":[{"href":"https:\/\/www.souveraenes-digitales-lehren-und-lernen.de\/home\/wp-json\/wp\/v2\/types\/page"}],"author":[{"embeddable":true,"href":"https:\/\/www.souveraenes-digitales-lehren-und-lernen.de\/home\/wp-json\/wp\/v2\/users\/2"}],"replies":[{"embeddable":true,"href":"https:\/\/www.souveraenes-digitales-lehren-und-lernen.de\/home\/wp-json\/wp\/v2\/comments?post=2020"}],"version-history":[{"count":9,"href":"https:\/\/www.souveraenes-digitales-lehren-und-lernen.de\/home\/wp-json\/wp\/v2\/pages\/2020\/revisions"}],"predecessor-version":[{"id":7251,"href":"https:\/\/www.souveraenes-digitales-lehren-und-lernen.de\/home\/wp-json\/wp\/v2\/pages\/2020\/revisions\/7251"}],"wp:attachment":[{"href":"https:\/\/www.souveraenes-digitales-lehren-und-lernen.de\/home\/wp-json\/wp\/v2\/media?parent=2020"}],"curies":[{"name":"wp","href":"https:\/\/api.w.org\/{rel}","templated":true}]}}