{"id":2013,"date":"2022-08-15T11:04:33","date_gmt":"2022-08-15T09:04:33","guid":{"rendered":"https:\/\/souveraen.web.leuphana.de\/home\/?page_id=2013"},"modified":"2023-09-13T16:43:08","modified_gmt":"2023-09-13T14:43:08","slug":"leuphana-universitaet-lueneburg","status":"publish","type":"page","link":"https:\/\/www.souveraenes-digitales-lehren-und-lernen.de\/home\/leuphana-universitaet-lueneburg\/","title":{"rendered":"Leuphana Universit\u00e4t L\u00fcneburg"},"content":{"rendered":"\t\t<div data-elementor-type=\"wp-page\" data-elementor-id=\"2013\" class=\"elementor elementor-2013\" data-elementor-post-type=\"page\">\n\t\t\t\t\t\t<section class=\"elementor-section elementor-top-section elementor-element elementor-element-91d4dbf elementor-section-stretched elementor-section-boxed elementor-section-height-default elementor-section-height-default\" data-id=\"91d4dbf\" data-element_type=\"section\" data-e-type=\"section\" data-settings=\"{&quot;stretch_section&quot;:&quot;section-stretched&quot;}\">\n\t\t\t\t\t\t<div class=\"elementor-container elementor-column-gap-default\">\n\t\t\t\t\t<div class=\"elementor-column elementor-col-50 elementor-top-column elementor-element elementor-element-bce627a\" data-id=\"bce627a\" data-element_type=\"column\" data-e-type=\"column\">\n\t\t\t<div class=\"elementor-widget-wrap elementor-element-populated\">\n\t\t\t\t\t\t<div class=\"elementor-element elementor-element-bf933c2 elementor-widget elementor-widget-image\" data-id=\"bf933c2\" data-element_type=\"widget\" data-e-type=\"widget\" data-widget_type=\"image.default\">\n\t\t\t\t<div class=\"elementor-widget-container\">\n\t\t\t\t\t\t\t\t\t\t\t\t\t\t\t<img fetchpriority=\"high\" decoding=\"async\" width=\"768\" height=\"267\" src=\"https:\/\/www.souveraenes-digitales-lehren-und-lernen.de\/wp-content\/uploads\/2022\/08\/NCD_logo_leuphana_jaspis_D-768x267.png\" class=\"attachment-medium_large size-medium_large wp-image-2053\" alt=\"\" srcset=\"https:\/\/www.souveraenes-digitales-lehren-und-lernen.de\/wp-content\/uploads\/2022\/08\/NCD_logo_leuphana_jaspis_D-768x267.png 768w, https:\/\/www.souveraenes-digitales-lehren-und-lernen.de\/wp-content\/uploads\/2022\/08\/NCD_logo_leuphana_jaspis_D-300x104.png 300w, https:\/\/www.souveraenes-digitales-lehren-und-lernen.de\/wp-content\/uploads\/2022\/08\/NCD_logo_leuphana_jaspis_D-1024x356.png 1024w, https:\/\/www.souveraenes-digitales-lehren-und-lernen.de\/wp-content\/uploads\/2022\/08\/NCD_logo_leuphana_jaspis_D-1536x534.png 1536w, https:\/\/www.souveraenes-digitales-lehren-und-lernen.de\/wp-content\/uploads\/2022\/08\/NCD_logo_leuphana_jaspis_D-2048x712.png 2048w\" sizes=\"(max-width: 768px) 100vw, 768px\" \/>\t\t\t\t\t\t\t\t\t\t\t\t\t\t\t<\/div>\n\t\t\t\t<\/div>\n\t\t\t\t\t<\/div>\n\t\t<\/div>\n\t\t\t\t<div class=\"elementor-column elementor-col-50 elementor-top-column elementor-element elementor-element-7514ad4\" data-id=\"7514ad4\" data-element_type=\"column\" data-e-type=\"column\">\n\t\t\t<div class=\"elementor-widget-wrap\">\n\t\t\t\t\t\t\t<\/div>\n\t\t<\/div>\n\t\t\t\t\t<\/div>\n\t\t<\/section>\n\t\t\t\t<section class=\"elementor-section elementor-top-section elementor-element elementor-element-ce44ab5 elementor-section-stretched elementor-section-boxed elementor-section-height-default elementor-section-height-default\" data-id=\"ce44ab5\" data-element_type=\"section\" data-e-type=\"section\" data-settings=\"{&quot;stretch_section&quot;:&quot;section-stretched&quot;}\">\n\t\t\t\t\t\t<div class=\"elementor-container elementor-column-gap-default\">\n\t\t\t\t\t<div class=\"elementor-column elementor-col-100 elementor-top-column elementor-element elementor-element-b7f90eb\" data-id=\"b7f90eb\" data-element_type=\"column\" data-e-type=\"column\">\n\t\t\t<div class=\"elementor-widget-wrap elementor-element-populated\">\n\t\t\t\t\t\t<div class=\"elementor-element elementor-element-aa6087b elementor-widget elementor-widget-spacer\" data-id=\"aa6087b\" data-element_type=\"widget\" data-e-type=\"widget\" data-widget_type=\"spacer.default\">\n\t\t\t\t<div class=\"elementor-widget-container\">\n\t\t\t\t\t\t\t<div class=\"elementor-spacer\">\n\t\t\t<div class=\"elementor-spacer-inner\"><\/div>\n\t\t<\/div>\n\t\t\t\t\t\t<\/div>\n\t\t\t\t<\/div>\n\t\t\t\t\t<\/div>\n\t\t<\/div>\n\t\t\t\t\t<\/div>\n\t\t<\/section>\n\t\t\t\t<section class=\"elementor-section elementor-top-section elementor-element elementor-element-de4a52d elementor-section-stretched elementor-section-boxed elementor-section-height-default elementor-section-height-default\" data-id=\"de4a52d\" data-element_type=\"section\" data-e-type=\"section\" data-settings=\"{&quot;stretch_section&quot;:&quot;section-stretched&quot;}\">\n\t\t\t\t\t\t<div class=\"elementor-container elementor-column-gap-default\">\n\t\t\t\t\t<div class=\"elementor-column elementor-col-100 elementor-top-column elementor-element elementor-element-fbeedbd\" data-id=\"fbeedbd\" data-element_type=\"column\" data-e-type=\"column\">\n\t\t\t<div class=\"elementor-widget-wrap elementor-element-populated\">\n\t\t\t\t\t\t<div class=\"elementor-element elementor-element-632cb63 elementor-widget elementor-widget-text-editor\" data-id=\"632cb63\" data-element_type=\"widget\" data-e-type=\"widget\" data-widget_type=\"text-editor.default\">\n\t\t\t\t<div class=\"elementor-widget-container\">\n\t\t\t\t\t\t\t\t\t<p>An der Leuphana sind rund 10.000 Studierende immatrikuliert. Ihr vielfach ausgezeichnetes Studienmodell, das die Bereiche Kultur, Nachhaltigkeit, Management und Entrepreneurship sowie Bildung umfasst, soll im Sinne eines weitreichenden Erm\u00f6glichungsgedankens neben der fachwissenschaftlichen Ausbildung auch zur selbstst\u00e4ndigen Bearbeitung gesellschaftlicher Herausforderungen bef\u00e4higen. Es basiert auf drei Schools, die das angels\u00e4chsische Modell der Liberal Education weiterentwickeln, Master und Promotion verbinden und den Ansatz lebenslangen Lernens origin\u00e4r profilieren. Aus Projekten wie dem \u201eInnovations-Inkubator L\u00fcneburg\u201c (2009-2015), dessen Schwerpunkt \u201eDigitale Medien\u201c fr\u00fchzeitig Aspekte digitaler Transformation in den Blick nahm, verf\u00fcgt die Leuphana \u00fcber eine umfangreiche Expertise im Management von Gro\u00dfprojekten.<\/p>\t\t\t\t\t\t\t\t<\/div>\n\t\t\t\t<\/div>\n\t\t\t\t<div class=\"elementor-element elementor-element-8d12c24 elementor-widget elementor-widget-spacer\" data-id=\"8d12c24\" data-element_type=\"widget\" data-e-type=\"widget\" data-widget_type=\"spacer.default\">\n\t\t\t\t<div class=\"elementor-widget-container\">\n\t\t\t\t\t\t\t<div class=\"elementor-spacer\">\n\t\t\t<div class=\"elementor-spacer-inner\"><\/div>\n\t\t<\/div>\n\t\t\t\t\t\t<\/div>\n\t\t\t\t<\/div>\n\t\t\t\t\t<\/div>\n\t\t<\/div>\n\t\t\t\t\t<\/div>\n\t\t<\/section>\n\t\t\t\t<section class=\"elementor-section elementor-top-section elementor-element elementor-element-a59b31f elementor-section-stretched elementor-section-boxed elementor-section-height-default elementor-section-height-default\" data-id=\"a59b31f\" data-element_type=\"section\" data-e-type=\"section\" data-settings=\"{&quot;stretch_section&quot;:&quot;section-stretched&quot;}\">\n\t\t\t\t\t\t<div class=\"elementor-container elementor-column-gap-wide\">\n\t\t\t\t\t<div class=\"elementor-column elementor-col-50 elementor-top-column elementor-element elementor-element-d61bc57\" data-id=\"d61bc57\" data-element_type=\"column\" data-e-type=\"column\">\n\t\t\t<div class=\"elementor-widget-wrap elementor-element-populated\">\n\t\t\t\t\t\t<div class=\"elementor-element elementor-element-2e33a09 elementor-widget elementor-widget-image\" data-id=\"2e33a09\" data-element_type=\"widget\" data-e-type=\"widget\" data-widget_type=\"image.default\">\n\t\t\t\t<div class=\"elementor-widget-container\">\n\t\t\t\t\t\t\t\t\t\t\t\t\t\t\t<img decoding=\"async\" width=\"800\" height=\"694\" src=\"https:\/\/www.souveraenes-digitales-lehren-und-lernen.de\/wp-content\/uploads\/2022\/09\/Souveran-Verbundproject-20220726-25-1024x888.jpeg\" class=\"attachment-large size-large wp-image-2975\" alt=\"\" srcset=\"https:\/\/www.souveraenes-digitales-lehren-und-lernen.de\/wp-content\/uploads\/2022\/09\/Souveran-Verbundproject-20220726-25-1024x888.jpeg 1024w, https:\/\/www.souveraenes-digitales-lehren-und-lernen.de\/wp-content\/uploads\/2022\/09\/Souveran-Verbundproject-20220726-25-300x260.jpeg 300w, https:\/\/www.souveraenes-digitales-lehren-und-lernen.de\/wp-content\/uploads\/2022\/09\/Souveran-Verbundproject-20220726-25-768x666.jpeg 768w, https:\/\/www.souveraenes-digitales-lehren-und-lernen.de\/wp-content\/uploads\/2022\/09\/Souveran-Verbundproject-20220726-25-1536x1333.jpeg 1536w, https:\/\/www.souveraenes-digitales-lehren-und-lernen.de\/wp-content\/uploads\/2022\/09\/Souveran-Verbundproject-20220726-25-2048x1777.jpeg 2048w\" sizes=\"(max-width: 800px) 100vw, 800px\" \/>\t\t\t\t\t\t\t\t\t\t\t\t\t\t\t<\/div>\n\t\t\t\t<\/div>\n\t\t\t\t\t<\/div>\n\t\t<\/div>\n\t\t\t\t<div class=\"elementor-column elementor-col-50 elementor-top-column elementor-element elementor-element-413bf08\" data-id=\"413bf08\" data-element_type=\"column\" data-e-type=\"column\">\n\t\t\t<div class=\"elementor-widget-wrap elementor-element-populated\">\n\t\t\t\t\t\t<div class=\"elementor-element elementor-element-7e54156 elementor-widget elementor-widget-text-editor\" data-id=\"7e54156\" data-element_type=\"widget\" data-e-type=\"widget\" data-widget_type=\"text-editor.default\">\n\t\t\t\t<div class=\"elementor-widget-container\">\n\t\t\t\t\t\t\t\t\t<p>An der Schnittstelle zwischen strategischer und operativer Ebene unterst\u00fctzt der Leuphana Lehrservice Lehrende und Studierende insbesondere im Bereich digitalen Lehrens und Lernens. Zum Beispiel wurden in enger Zusammenarbeit mit dem Medien- und Informationszentrum 80 Seminarr\u00e4ume mit Videokonferenztechnik ausgestattet, wodurch Erfahrungen mit hybriden Lehr-Lernsettings gesammelt sowie methodisch-didaktische Expertise aufgebaut werden konnte. Des Weiteren bietet der Leuphana Lehrservice ein breites hochschuldidaktisches Zertifikats- und Qualifizierungsprogramm mit Angeboten u. a. zum kollaborativen Arbeiten mit digitalen Tools in blended learning Szenarien, zum Einsatz von e-Portfolios (Mahara) in der Lehre, zu E-Pr\u00fcfungen oder zur Produktion von Podcasts und Videos.<\/p>\t\t\t\t\t\t\t\t<\/div>\n\t\t\t\t<\/div>\n\t\t\t\t\t<\/div>\n\t\t<\/div>\n\t\t\t\t\t<\/div>\n\t\t<\/section>\n\t\t\t\t<section class=\"elementor-section elementor-top-section elementor-element elementor-element-68d5c7a elementor-section-stretched elementor-section-boxed elementor-section-height-default elementor-section-height-default\" data-id=\"68d5c7a\" data-element_type=\"section\" data-e-type=\"section\" data-settings=\"{&quot;stretch_section&quot;:&quot;section-stretched&quot;}\">\n\t\t\t\t\t\t<div class=\"elementor-container elementor-column-gap-wide\">\n\t\t\t\t\t<div class=\"elementor-column elementor-col-50 elementor-top-column elementor-element elementor-element-3adac49\" data-id=\"3adac49\" data-element_type=\"column\" data-e-type=\"column\">\n\t\t\t<div class=\"elementor-widget-wrap elementor-element-populated\">\n\t\t\t\t\t\t<div class=\"elementor-element elementor-element-850236b elementor-widget elementor-widget-spacer\" data-id=\"850236b\" data-element_type=\"widget\" data-e-type=\"widget\" data-widget_type=\"spacer.default\">\n\t\t\t\t<div class=\"elementor-widget-container\">\n\t\t\t\t\t\t\t<div class=\"elementor-spacer\">\n\t\t\t<div class=\"elementor-spacer-inner\"><\/div>\n\t\t<\/div>\n\t\t\t\t\t\t<\/div>\n\t\t\t\t<\/div>\n\t\t\t\t<div class=\"elementor-element elementor-element-ca81d2c elementor-widget elementor-widget-text-editor\" data-id=\"ca81d2c\" data-element_type=\"widget\" data-e-type=\"widget\" data-widget_type=\"text-editor.default\">\n\t\t\t\t<div class=\"elementor-widget-container\">\n\t\t\t\t\t\t\t\t\t<p>Ebenfalls von der Stiftung Innovation in der Hochschullehre gef\u00f6rdert wird das Einzelvorhaben \u201e<a href=\"https:\/\/www.leuphana.de\/universitaet\/lehre\/projekte\/digital-transformation-lab-for-teaching-and-learning.html\" target=\"_blank\">Leuphana: Digital Transformation Lab for Teaching and Learning\u201c (DigiTaL)<\/a>&nbsp;mit insgesamt 11 professoral verantworteten Teilprojekten in den Clustern <em>Digitale Lehr-Lern-Innovationen<\/em>, <em>Digital Literacy <\/em>und <em>Digitale Internationalisierung<\/em>. Durch die vielf\u00e4ltigen Innovationen, die dort von Lehrenden und in enger Zusammenarbeit mit Studierenden entwickelt werden, entstehen spannende Impulse und Synergiepotentiale f\u00fcr den SOUVER@N-Projektverbund. So konnten beispielsweise schon umfangreiche Praxiserfahrungen hinsichtlich didaktischer, technischer und pr\u00fcfungsrechtlicher Anforderungen an E-Pr\u00fcfungen und des Einsatzes hybrider Lehre im internationalen Kontext gesammelt werden.<\/p>\t\t\t\t\t\t\t\t<\/div>\n\t\t\t\t<\/div>\n\t\t\t\t\t<\/div>\n\t\t<\/div>\n\t\t\t\t<div class=\"elementor-column elementor-col-50 elementor-top-column elementor-element elementor-element-29abc55\" data-id=\"29abc55\" data-element_type=\"column\" data-e-type=\"column\">\n\t\t\t<div class=\"elementor-widget-wrap elementor-element-populated\">\n\t\t\t\t\t\t<div class=\"elementor-element elementor-element-e8183dd elementor-widget elementor-widget-spacer\" data-id=\"e8183dd\" data-element_type=\"widget\" data-e-type=\"widget\" data-widget_type=\"spacer.default\">\n\t\t\t\t<div class=\"elementor-widget-container\">\n\t\t\t\t\t\t\t<div class=\"elementor-spacer\">\n\t\t\t<div class=\"elementor-spacer-inner\"><\/div>\n\t\t<\/div>\n\t\t\t\t\t\t<\/div>\n\t\t\t\t<\/div>\n\t\t\t\t<div class=\"elementor-element elementor-element-ce5bcb3 elementor-widget elementor-widget-image\" data-id=\"ce5bcb3\" data-element_type=\"widget\" data-e-type=\"widget\" data-widget_type=\"image.default\">\n\t\t\t\t<div class=\"elementor-widget-container\">\n\t\t\t\t\t\t\t\t\t\t\t\t\t\t\t<img decoding=\"async\" width=\"800\" height=\"534\" src=\"https:\/\/www.souveraenes-digitales-lehren-und-lernen.de\/wp-content\/uploads\/2022\/09\/Leuphana_Campusbild_klein-1024x683.jpg\" class=\"attachment-large size-large wp-image-3136\" alt=\"\" srcset=\"https:\/\/www.souveraenes-digitales-lehren-und-lernen.de\/wp-content\/uploads\/2022\/09\/Leuphana_Campusbild_klein-1024x683.jpg 1024w, https:\/\/www.souveraenes-digitales-lehren-und-lernen.de\/wp-content\/uploads\/2022\/09\/Leuphana_Campusbild_klein-300x200.jpg 300w, https:\/\/www.souveraenes-digitales-lehren-und-lernen.de\/wp-content\/uploads\/2022\/09\/Leuphana_Campusbild_klein-768x512.jpg 768w, https:\/\/www.souveraenes-digitales-lehren-und-lernen.de\/wp-content\/uploads\/2022\/09\/Leuphana_Campusbild_klein-1536x1024.jpg 1536w, https:\/\/www.souveraenes-digitales-lehren-und-lernen.de\/wp-content\/uploads\/2022\/09\/Leuphana_Campusbild_klein-2048x1365.jpg 2048w\" sizes=\"(max-width: 800px) 100vw, 800px\" \/>\t\t\t\t\t\t\t\t\t\t\t\t\t\t\t<\/div>\n\t\t\t\t<\/div>\n\t\t\t\t\t<\/div>\n\t\t<\/div>\n\t\t\t\t\t<\/div>\n\t\t<\/section>\n\t\t\t\t<section class=\"elementor-section elementor-top-section elementor-element elementor-element-51e858c elementor-section-stretched elementor-section-boxed elementor-section-height-default elementor-section-height-default\" data-id=\"51e858c\" data-element_type=\"section\" data-e-type=\"section\" data-settings=\"{&quot;stretch_section&quot;:&quot;section-stretched&quot;}\">\n\t\t\t\t\t\t<div class=\"elementor-container elementor-column-gap-default\">\n\t\t\t\t\t<div class=\"elementor-column elementor-col-100 elementor-top-column elementor-element elementor-element-91cd25c\" data-id=\"91cd25c\" data-element_type=\"column\" data-e-type=\"column\">\n\t\t\t<div class=\"elementor-widget-wrap elementor-element-populated\">\n\t\t\t\t\t\t<div class=\"elementor-element elementor-element-81c096b elementor-widget elementor-widget-spacer\" data-id=\"81c096b\" data-element_type=\"widget\" data-e-type=\"widget\" data-widget_type=\"spacer.default\">\n\t\t\t\t<div class=\"elementor-widget-container\">\n\t\t\t\t\t\t\t<div class=\"elementor-spacer\">\n\t\t\t<div class=\"elementor-spacer-inner\"><\/div>\n\t\t<\/div>\n\t\t\t\t\t\t<\/div>\n\t\t\t\t<\/div>\n\t\t\t\t\t<\/div>\n\t\t<\/div>\n\t\t\t\t\t<\/div>\n\t\t<\/section>\n\t\t\t\t<section class=\"elementor-section elementor-top-section elementor-element elementor-element-e41d8a9 elementor-section-stretched elementor-section-boxed elementor-section-height-default elementor-section-height-default\" data-id=\"e41d8a9\" data-element_type=\"section\" data-e-type=\"section\" data-settings=\"{&quot;stretch_section&quot;:&quot;section-stretched&quot;}\">\n\t\t\t\t\t\t<div class=\"elementor-container elementor-column-gap-default\">\n\t\t\t\t\t<div class=\"elementor-column elementor-col-100 elementor-top-column elementor-element elementor-element-d4a0818\" data-id=\"d4a0818\" data-element_type=\"column\" data-e-type=\"column\">\n\t\t\t<div class=\"elementor-widget-wrap elementor-element-populated\">\n\t\t\t\t\t\t<div class=\"elementor-element elementor-element-0a27d0f elementor-widget elementor-widget-heading\" data-id=\"0a27d0f\" data-element_type=\"widget\" data-e-type=\"widget\" data-widget_type=\"heading.default\">\n\t\t\t\t<div class=\"elementor-widget-container\">\n\t\t\t\t\t<h2 class=\"elementor-heading-title elementor-size-default\">Team der Leuphana Universit\u00e4t L\u00fcneburg<\/h2>\t\t\t\t<\/div>\n\t\t\t\t<\/div>\n\t\t\t\t\t<\/div>\n\t\t<\/div>\n\t\t\t\t\t<\/div>\n\t\t<\/section>\n\t\t\t\t<section class=\"elementor-section elementor-top-section elementor-element elementor-element-61d2d1a elementor-section-stretched elementor-section-boxed elementor-section-height-default elementor-section-height-default\" data-id=\"61d2d1a\" data-element_type=\"section\" data-e-type=\"section\" data-settings=\"{&quot;stretch_section&quot;:&quot;section-stretched&quot;}\">\n\t\t\t\t\t\t<div class=\"elementor-container elementor-column-gap-default\">\n\t\t\t\t\t<div class=\"elementor-column elementor-col-100 elementor-top-column elementor-element elementor-element-ff5be3e\" data-id=\"ff5be3e\" data-element_type=\"column\" data-e-type=\"column\">\n\t\t\t<div class=\"elementor-widget-wrap elementor-element-populated\">\n\t\t\t\t\t\t<div class=\"elementor-element elementor-element-d5d5009 elementor-widget elementor-widget-spacer\" data-id=\"d5d5009\" data-element_type=\"widget\" data-e-type=\"widget\" data-widget_type=\"spacer.default\">\n\t\t\t\t<div class=\"elementor-widget-container\">\n\t\t\t\t\t\t\t<div class=\"elementor-spacer\">\n\t\t\t<div class=\"elementor-spacer-inner\"><\/div>\n\t\t<\/div>\n\t\t\t\t\t\t<\/div>\n\t\t\t\t<\/div>\n\t\t\t\t<div class=\"elementor-element elementor-element-07712ed elementor-widget elementor-widget-image\" data-id=\"07712ed\" data-element_type=\"widget\" data-e-type=\"widget\" data-widget_type=\"image.default\">\n\t\t\t\t<div class=\"elementor-widget-container\">\n\t\t\t\t\t\t\t\t\t\t\t\t<figure class=\"wp-caption\">\n\t\t\t\t\t\t\t\t\t\t<img loading=\"lazy\" decoding=\"async\" width=\"768\" height=\"512\" src=\"https:\/\/www.souveraenes-digitales-lehren-und-lernen.de\/wp-content\/uploads\/2022\/09\/Souveran-Verbundproject-20220726-10-768x512.jpg\" class=\"attachment-medium_large size-medium_large wp-image-2972\" alt=\"\" srcset=\"https:\/\/www.souveraenes-digitales-lehren-und-lernen.de\/wp-content\/uploads\/2022\/09\/Souveran-Verbundproject-20220726-10-768x512.jpg 768w, https:\/\/www.souveraenes-digitales-lehren-und-lernen.de\/wp-content\/uploads\/2022\/09\/Souveran-Verbundproject-20220726-10-300x200.jpg 300w, https:\/\/www.souveraenes-digitales-lehren-und-lernen.de\/wp-content\/uploads\/2022\/09\/Souveran-Verbundproject-20220726-10-1024x683.jpg 1024w, https:\/\/www.souveraenes-digitales-lehren-und-lernen.de\/wp-content\/uploads\/2022\/09\/Souveran-Verbundproject-20220726-10-1536x1024.jpg 1536w, https:\/\/www.souveraenes-digitales-lehren-und-lernen.de\/wp-content\/uploads\/2022\/09\/Souveran-Verbundproject-20220726-10-2048x1365.jpg 2048w\" sizes=\"(max-width: 768px) 100vw, 768px\" \/>\t\t\t\t\t\t\t\t\t\t\t<figcaption class=\"widget-image-caption wp-caption-text\">v.l.n.r. Dr. Sigrun Lehnert, Dr. Julia Webersik, Annika Weinert-Brieger, Yasmin Azim Zadeh <\/figcaption>\n\t\t\t\t\t\t\t\t\t\t<\/figure>\n\t\t\t\t\t\t\t\t\t<\/div>\n\t\t\t\t<\/div>\n\t\t\t\t<div class=\"elementor-element elementor-element-b3925b1 elementor-widget elementor-widget-spacer\" data-id=\"b3925b1\" data-element_type=\"widget\" data-e-type=\"widget\" data-widget_type=\"spacer.default\">\n\t\t\t\t<div class=\"elementor-widget-container\">\n\t\t\t\t\t\t\t<div class=\"elementor-spacer\">\n\t\t\t<div class=\"elementor-spacer-inner\"><\/div>\n\t\t<\/div>\n\t\t\t\t\t\t<\/div>\n\t\t\t\t<\/div>\n\t\t\t\t\t<\/div>\n\t\t<\/div>\n\t\t\t\t\t<\/div>\n\t\t<\/section>\n\t\t\t\t<\/div>\n\t\t","protected":false},"excerpt":{"rendered":"<p>An der Leuphana sind rund 10.000 Studierende immatrikuliert. Ihr vielfach ausgezeichnetes Studienmodell, das die Bereiche Kultur, Nachhaltigkeit, Management und Entrepreneurship sowie Bildung umfasst, soll im Sinne eines weitreichenden Erm\u00f6glichungsgedankens neben der fachwissenschaftlichen Ausbildung auch zur selbstst\u00e4ndigen Bearbeitung gesellschaftlicher Herausforderungen bef\u00e4higen. Es basiert auf drei Schools, die das angels\u00e4chsische Modell der Liberal Education weiterentwickeln, Master und [&hellip;]<\/p>\n","protected":false},"author":2,"featured_media":0,"parent":0,"menu_order":0,"comment_status":"closed","ping_status":"closed","template":"","meta":{"footnotes":"","_links_to":"","_links_to_target":""},"class_list":["post-2013","page","type-page","status-publish","hentry"],"_links":{"self":[{"href":"https:\/\/www.souveraenes-digitales-lehren-und-lernen.de\/home\/wp-json\/wp\/v2\/pages\/2013","targetHints":{"allow":["GET"]}}],"collection":[{"href":"https:\/\/www.souveraenes-digitales-lehren-und-lernen.de\/home\/wp-json\/wp\/v2\/pages"}],"about":[{"href":"https:\/\/www.souveraenes-digitales-lehren-und-lernen.de\/home\/wp-json\/wp\/v2\/types\/page"}],"author":[{"embeddable":true,"href":"https:\/\/www.souveraenes-digitales-lehren-und-lernen.de\/home\/wp-json\/wp\/v2\/users\/2"}],"replies":[{"embeddable":true,"href":"https:\/\/www.souveraenes-digitales-lehren-und-lernen.de\/home\/wp-json\/wp\/v2\/comments?post=2013"}],"version-history":[{"count":12,"href":"https:\/\/www.souveraenes-digitales-lehren-und-lernen.de\/home\/wp-json\/wp\/v2\/pages\/2013\/revisions"}],"predecessor-version":[{"id":7245,"href":"https:\/\/www.souveraenes-digitales-lehren-und-lernen.de\/home\/wp-json\/wp\/v2\/pages\/2013\/revisions\/7245"}],"wp:attachment":[{"href":"https:\/\/www.souveraenes-digitales-lehren-und-lernen.de\/home\/wp-json\/wp\/v2\/media?parent=2013"}],"curies":[{"name":"wp","href":"https:\/\/api.w.org\/{rel}","templated":true}]}}